{"id":8696,"date":"2025-11-20T11:43:43","date_gmt":"2025-11-20T10:43:43","guid":{"rendered":"https:\/\/www.wsv-patersdorf.de\/wordpress\/?page_id=8696"},"modified":"2025-11-21T07:54:15","modified_gmt":"2025-11-21T06:54:15","slug":"spiel-spass-und-bewegung","status":"publish","type":"page","link":"https:\/\/www.wsv-patersdorf.de\/wordpress\/sportangebot\/spiel-spass-und-bewegung\/","title":{"rendered":"Spiel, Spa\u00df und Bewegung"},"content":{"rendered":"\n<p>Wir freuen uns, mit unserem liebevoll gestalteten Bewegungsangebot f\u00fcr unsere j\u00fcngsten Sportler im Alter von 3 bis 6 Jahren speziell im Sommer einen Kurs anbieten zu d\u00fcrfen. Im Kurs \u201eSpiel, Spa\u00df und Bewegung\u201c k\u00f6nnen die Kinder in einer sicheren und fr\u00f6hlichen Umgebung ihre ersten sportlichen Erfahrungen sammeln. Durch abwechslungsreiche Spiele, einfache \u00dcbungen und kreative Bewegungslandschaften werden Motorik, Koordination und Gleichgewicht spielerisch gef\u00f6rdert. Gleichzeitig lernen die Kinder, sich in der Gruppe zu bewegen, miteinander zu kooperieren und ihre eigenen F\u00e4higkeiten auszuprobieren.<\/p>\n\n\n\n<p>Der Kurs findet im Bereich der Mehrzweckhalle Patersdorf statt und bietet drinnen viel Raum zum Klettern, Springen und Toben. Bei sch\u00f6nem Wetter verlegen wir die Stunde nach drau\u00dfen, damit die Kinder zus\u00e4tzlich von der frischen Luft und den vielf\u00e4ltigen Bewegungsm\u00f6glichkeiten im Freien profitieren. So entsteht ein bunter Mix aus Indoor- und Outdoor-Bewegungseinheiten, die jedes Mal aufs Neue f\u00fcr Freude, Abwechslung und strahlende Kinderaugen sorgen.<\/p>\n\n\n\n<p><strong>Bitte beachtet au\u00dferdem die aktuellen Hinweise auf der Startseite unserer Homepage sowie die Beitr\u00e4ge auf Instagram (wsv_patersdorf) und Facebook (WSV Patersdorf), damit ihr stets auf dem neuesten Stand bleibt.<\/strong><\/p>\n\n\n<div class=\"wp-block-image\">\n<figure class=\"aligncenter size-large\"><img loading=\"lazy\" decoding=\"async\" width=\"1024\" height=\"768\" src=\"https:\/\/www.wsv-patersdorf.de\/wordpress\/wp-content\/uploads\/2025\/11\/Foto-08.04.24-20-33-20-2-1024x768.jpg\" alt=\"\" class=\"wp-image-8708\" srcset=\"https:\/\/www.wsv-patersdorf.de\/wordpress\/wp-content\/uploads\/2025\/11\/Foto-08.04.24-20-33-20-2-1024x768.jpg 1024w, https:\/\/www.wsv-patersdorf.de\/wordpress\/wp-content\/uploads\/2025\/11\/Foto-08.04.24-20-33-20-2-300x225.jpg 300w, https:\/\/www.wsv-patersdorf.de\/wordpress\/wp-content\/uploads\/2025\/11\/Foto-08.04.24-20-33-20-2-768x576.jpg 768w, https:\/\/www.wsv-patersdorf.de\/wordpress\/wp-content\/uploads\/2025\/11\/Foto-08.04.24-20-33-20-2-1536x1152.jpg 1536w, https:\/\/www.wsv-patersdorf.de\/wordpress\/wp-content\/uploads\/2025\/11\/Foto-08.04.24-20-33-20-2.jpg 2000w\" sizes=\"auto, (max-width: 1024px) 100vw, 1024px\" \/><\/figure>\n<\/div>","protected":false},"excerpt":{"rendered":"<p>Wir freuen uns, mit unserem liebevoll gestalteten Bewegungsangebot f\u00fcr unsere j\u00fcngsten Sportler im Alter von 3 bis 6 Jahren speziell im Sommer einen Kurs anbieten zu d\u00fcrfen. Im Kurs \u201eSpiel, Spa\u00df und Bewegung\u201c k\u00f6nnen die Kinder in einer sicheren und fr\u00f6hlichen Umgebung ihre ersten sportlichen Erfahrungen sammeln. Durch abwechslungsreiche Spiele, einfache \u00dcbungen und kreative Bewegungslandschaften &hellip; <a href=\"https:\/\/www.wsv-patersdorf.de\/wordpress\/sportangebot\/spiel-spass-und-bewegung\/\" class=\"more-link\"><span class=\"screen-reader-text\">Spiel, Spa\u00df und Bewegung<\/span> weiterlesen <span class=\"meta-nav\">&rarr;<\/span><\/a><\/p>\n","protected":false},"author":17,"featured_media":0,"parent":8686,"menu_order":0,"comment_status":"closed","ping_status":"closed","template":"","meta":{"footnotes":""},"class_list":["post-8696","page","type-page","status-publish","hentry"],"_links":{"self":[{"href":"https:\/\/www.wsv-patersdorf.de\/wordpress\/wp-json\/wp\/v2\/pages\/8696","targetHints":{"allow":["GET"]}}],"collection":[{"href":"https:\/\/www.wsv-patersdorf.de\/wordpress\/wp-json\/wp\/v2\/pages"}],"about":[{"href":"https:\/\/www.wsv-patersdorf.de\/wordpress\/wp-json\/wp\/v2\/types\/page"}],"author":[{"embeddable":true,"href":"https:\/\/www.wsv-patersdorf.de\/wordpress\/wp-json\/wp\/v2\/users\/17"}],"replies":[{"embeddable":true,"href":"https:\/\/www.wsv-patersdorf.de\/wordpress\/wp-json\/wp\/v2\/comments?post=8696"}],"version-history":[{"count":3,"href":"https:\/\/www.wsv-patersdorf.de\/wordpress\/wp-json\/wp\/v2\/pages\/8696\/revisions"}],"predecessor-version":[{"id":8709,"href":"https:\/\/www.wsv-patersdorf.de\/wordpress\/wp-json\/wp\/v2\/pages\/8696\/revisions\/8709"}],"up":[{"embeddable":true,"href":"https:\/\/www.wsv-patersdorf.de\/wordpress\/wp-json\/wp\/v2\/pages\/8686"}],"wp:attachment":[{"href":"https:\/\/www.wsv-patersdorf.de\/wordpress\/wp-json\/wp\/v2\/media?parent=8696"}],"curies":[{"name":"wp","href":"https:\/\/api.w.org\/{rel}","templated":true}]}}