{"id":8694,"date":"2025-11-20T11:42:26","date_gmt":"2025-11-20T10:42:26","guid":{"rendered":"https:\/\/www.wsv-patersdorf.de\/wordpress\/?page_id=8694"},"modified":"2025-11-20T11:42:26","modified_gmt":"2025-11-20T10:42:26","slug":"pilates","status":"publish","type":"page","link":"https:\/\/www.wsv-patersdorf.de\/wordpress\/sportangebot\/pilates\/","title":{"rendered":"Pilates"},"content":{"rendered":"\n<p>Dieser Pilates-Kurs legt besonderen Wert auf die Gesundheit der Wirbels\u00e4ule und ein harmonisches Ganzk\u00f6rpertraining. Durch langsame, kontrollierte Bewegungen werden die tief liegenden Muskelschichten aktiviert, die K\u00f6rpermitte gest\u00e4rkt und die Haltung nachhaltig verbessert. Gleichzeitig f\u00f6rdern die flie\u00dfenden \u00dcbungen die Beweglichkeit, l\u00f6sen Verspannungen und unterst\u00fctzen ein besseres K\u00f6rpergef\u00fchl.<\/p>\n\n\n\n<p>Besonders f\u00fcr Menschen, die viel sitzen oder ihren R\u00fccken bewusst entlasten m\u00f6chten, bietet dieser Kurs wertvolle Impulse f\u00fcr mehr Stabilit\u00e4t und Wohlbefinden im Alltag. Dank der klaren Anleitung und der sanften Trainingsweise ist das Angebot f\u00fcr alle Altersgruppen geeignet \u2013 auch f\u00fcr Einsteiger, die Pilates in ruhigem Tempo kennenlernen m\u00f6chten. So entsteht ein ganzheitliches Training, das K\u00f6rper und Geist gleicherma\u00dfen st\u00e4rkt.<\/p>\n\n\n\n<p><strong>Bitte beachtet au\u00dferdem die aktuellen Hinweise auf der Startseite unserer Homepage sowie die Beitr\u00e4ge auf Instagram (wsv_patersdorf) und Facebook (WSV Patersdorf), damit ihr stets auf dem neuesten Stand bleibt.<\/strong><\/p>\n\n\n\n<p><\/p>\n","protected":false},"excerpt":{"rendered":"<p>Dieser Pilates-Kurs legt besonderen Wert auf die Gesundheit der Wirbels\u00e4ule und ein harmonisches Ganzk\u00f6rpertraining. Durch langsame, kontrollierte Bewegungen werden die tief liegenden Muskelschichten aktiviert, die K\u00f6rpermitte gest\u00e4rkt und die Haltung nachhaltig verbessert. Gleichzeitig f\u00f6rdern die flie\u00dfenden \u00dcbungen die Beweglichkeit, l\u00f6sen Verspannungen und unterst\u00fctzen ein besseres K\u00f6rpergef\u00fchl. Besonders f\u00fcr Menschen, die viel sitzen oder ihren R\u00fccken &hellip; <a href=\"https:\/\/www.wsv-patersdorf.de\/wordpress\/sportangebot\/pilates\/\" class=\"more-link\"><span class=\"screen-reader-text\">Pilates<\/span> weiterlesen <span class=\"meta-nav\">&rarr;<\/span><\/a><\/p>\n","protected":false},"author":17,"featured_media":0,"parent":8686,"menu_order":0,"comment_status":"closed","ping_status":"closed","template":"","meta":{"footnotes":""},"class_list":["post-8694","page","type-page","status-publish","hentry"],"_links":{"self":[{"href":"https:\/\/www.wsv-patersdorf.de\/wordpress\/wp-json\/wp\/v2\/pages\/8694","targetHints":{"allow":["GET"]}}],"collection":[{"href":"https:\/\/www.wsv-patersdorf.de\/wordpress\/wp-json\/wp\/v2\/pages"}],"about":[{"href":"https:\/\/www.wsv-patersdorf.de\/wordpress\/wp-json\/wp\/v2\/types\/page"}],"author":[{"embeddable":true,"href":"https:\/\/www.wsv-patersdorf.de\/wordpress\/wp-json\/wp\/v2\/users\/17"}],"replies":[{"embeddable":true,"href":"https:\/\/www.wsv-patersdorf.de\/wordpress\/wp-json\/wp\/v2\/comments?post=8694"}],"version-history":[{"count":1,"href":"https:\/\/www.wsv-patersdorf.de\/wordpress\/wp-json\/wp\/v2\/pages\/8694\/revisions"}],"predecessor-version":[{"id":8695,"href":"https:\/\/www.wsv-patersdorf.de\/wordpress\/wp-json\/wp\/v2\/pages\/8694\/revisions\/8695"}],"up":[{"embeddable":true,"href":"https:\/\/www.wsv-patersdorf.de\/wordpress\/wp-json\/wp\/v2\/pages\/8686"}],"wp:attachment":[{"href":"https:\/\/www.wsv-patersdorf.de\/wordpress\/wp-json\/wp\/v2\/media?parent=8694"}],"curies":[{"name":"wp","href":"https:\/\/api.w.org\/{rel}","templated":true}]}}