{"id":8431,"date":"2025-07-29T13:55:20","date_gmt":"2025-07-29T11:55:20","guid":{"rendered":"https:\/\/www.wsv-patersdorf.de\/wordpress\/?page_id=8431"},"modified":"2025-11-09T19:08:32","modified_gmt":"2025-11-09T18:08:32","slug":"https-www-wsv-patersdorf-de-wordpress-podcast-wsv-aufi-owi","status":"publish","type":"page","link":"https:\/\/www.wsv-patersdorf.de\/wordpress\/podcast-wsv-aufi-owi\/https-www-wsv-patersdorf-de-wordpress-podcast-wsv-aufi-owi\/","title":{"rendered":"&#8222;Aufi &#038; Owi&#8220; Talk"},"content":{"rendered":"\n<p><\/p>\n\n\n\n<p style=\"font-style:normal;font-weight:700\"><strong>WSV \u201eAufi &amp; Owi<\/strong>\u201c-<strong>Talk <\/strong>\u2013 Mit Herz f\u00fcr den Sport&nbsp;<strong>&#x2764;&#xfe0f;<\/strong><\/p>\n\n\n\n<p>Im \u201eWSV Aufi &amp; Owi Talk\u201c dreht sich alles um die Leidenschaft f\u00fcr den Wintersport, die Gemeinschaft und unser ganz pers\u00f6nliches Herzensprojekt \u2013 den WSV Patersdorf 1981 e.V..<\/p>\n\n\n\n<p>Seit \u00fcber vier Jahrzehnten lebt unser Verein vom ehrenamtlichen Engagement, echter Freundschaft und der Liebe zur Bewegung in der Natur \u2013 \u201eaufi\u201c auf den Berg und \u201eowi\u201c ins Tal. Genau diese Werte tragen wir auch im Talk weiter: offen, bodenst\u00e4ndig und mit viel Herzblut.<\/p>\n\n\n\n<p>Hier geben wir Einblicke hinter die Kulissen, erz\u00e4hlen Geschichten aus der Region, sprechen mit langj\u00e4hrigen Mitgliedern, jungen Talenten und allen, die den WSV zu dem machen, was er ist \u2013 eine starke Gemeinschaft mit einem klaren Ziel: den Wintersport f\u00fcr alle Generationen zu f\u00f6rdern.<\/p>\n\n\n\n<p>&nbsp;Jeden Sonntag gibt\u2019s eine neue Folge \u2013 authentisch, regional und mit echtem Herzblut. Egal ob sportliche Highlights, Vereinsgeschichte oder Zukunftsvisionen: Wir nehmen euch mit \u2013 aufi &amp; owi eben!<\/p>\n\n\n\n<p>Der \u201eAufi &amp; Owe Talk\u201c ist mehr als nur ein Podcast \u2013 es ist unser Beitrag, den Verein und seine Vision lebendig zu halten. F\u00fcr heute. F\u00fcr morgen.<\/p>\n\n\n<blockquote class=\"wp-embedded-content\" data-secret=\"Dy9Xnn3Isc\"><p><a href=\"https:\/\/www.wsv-patersdorf.de\/wordpress\/aktuelles\/aufi-und-owi-wsv-talk-dein-talk-rund-um-den-wsv-patersdorf-1981-e-v\/\">&#x1f399;&#xfe0f; Aufi und Owi \u2013 WSV Talk | Dein Talk rund um den WSV Patersdorf 1981 e.V. &#x1f399;&#xfe0f; &#8211; Heinz Achatz<\/a><\/p><\/blockquote>\n<p><iframe loading=\"lazy\" class=\"wp-embedded-content\" sandbox=\"allow-scripts\" security=\"restricted\" style=\"position: absolute; visibility: hidden;\" title=\"&#8222;&#x1f399;&#xfe0f; Aufi und Owi \u2013 WSV Talk | Dein Talk rund um den WSV Patersdorf 1981 e.V. &#x1f399;&#xfe0f; &#8211; Heinz Achatz&#8220; &#8212; WSV Patersdorf\" src=\"https:\/\/www.wsv-patersdorf.de\/wordpress\/aktuelles\/aufi-und-owi-wsv-talk-dein-talk-rund-um-den-wsv-patersdorf-1981-e-v\/embed\/#?secret=dMb4j2QuuO#?secret=Dy9Xnn3Isc\" data-secret=\"Dy9Xnn3Isc\" width=\"474\" height=\"267\" frameborder=\"0\" marginwidth=\"0\" marginheight=\"0\" scrolling=\"no\"><\/iframe><\/p>\n\n\n<blockquote class=\"wp-embedded-content\" data-secret=\"Bq6GQLNeo3\"><p><a href=\"https:\/\/www.wsv-patersdorf.de\/wordpress\/aktuelles\/aufi-und-owi-wsv-talk-dein-talk-rund-um-den-wsv-patersdorf-1981-e-v-sandra-sperl\/\">&#x1f399;&#xfe0f; Aufi und Owi \u2013 WSV Talk | Dein Talk rund um den WSV Patersdorf 1981 e.V. &#x1f399;&#xfe0f; &#8211; Sandra Sperl<\/a><\/p><\/blockquote>\n<p><iframe loading=\"lazy\" class=\"wp-embedded-content\" sandbox=\"allow-scripts\" security=\"restricted\" style=\"position: absolute; visibility: hidden;\" title=\"&#8222;&#x1f399;&#xfe0f; Aufi und Owi \u2013 WSV Talk | Dein Talk rund um den WSV Patersdorf 1981 e.V. &#x1f399;&#xfe0f; &#8211; Sandra Sperl&#8220; &#8212; WSV Patersdorf\" src=\"https:\/\/www.wsv-patersdorf.de\/wordpress\/aktuelles\/aufi-und-owi-wsv-talk-dein-talk-rund-um-den-wsv-patersdorf-1981-e-v-sandra-sperl\/embed\/#?secret=qu1ZN7XJWF#?secret=Bq6GQLNeo3\" data-secret=\"Bq6GQLNeo3\" width=\"474\" height=\"267\" frameborder=\"0\" marginwidth=\"0\" marginheight=\"0\" scrolling=\"no\"><\/iframe><\/p>\n\n\n<blockquote class=\"wp-embedded-content\" data-secret=\"LE9lyQPdP7\"><p><a href=\"https:\/\/www.wsv-patersdorf.de\/wordpress\/aktuelles\/%f0%9f%8e%99%ef%b8%8f-aufi-und-owi-wsv-talk-dein-talk-rund-um-den-wsv-patersdorf-1981-e-v-%f0%9f%8e%99%ef%b8%8f\/\">&#x1f399;&#xfe0f; Aufi und Owi \u2013 WSV Talk | Dein Talk rund um den WSV Patersdorf 1981 e.V. &#x1f399;&#xfe0f; &#8211; Michael S\u00fc\u00df<\/a><\/p><\/blockquote>\n<p><iframe loading=\"lazy\" class=\"wp-embedded-content\" sandbox=\"allow-scripts\" security=\"restricted\" style=\"position: absolute; visibility: hidden;\" title=\"&#8222;&#x1f399;&#xfe0f; Aufi und Owi \u2013 WSV Talk | Dein Talk rund um den WSV Patersdorf 1981 e.V. &#x1f399;&#xfe0f; &#8211; Michael S\u00fc\u00df&#8220; &#8212; WSV Patersdorf\" src=\"https:\/\/www.wsv-patersdorf.de\/wordpress\/aktuelles\/%f0%9f%8e%99%ef%b8%8f-aufi-und-owi-wsv-talk-dein-talk-rund-um-den-wsv-patersdorf-1981-e-v-%f0%9f%8e%99%ef%b8%8f\/embed\/#?secret=9ZG4RTCLGq#?secret=LE9lyQPdP7\" data-secret=\"LE9lyQPdP7\" width=\"474\" height=\"267\" frameborder=\"0\" marginwidth=\"0\" marginheight=\"0\" scrolling=\"no\"><\/iframe><\/p>\n\n\n<blockquote class=\"wp-embedded-content\" data-secret=\"yFRZ8xw5az\"><p><a href=\"https:\/\/www.wsv-patersdorf.de\/wordpress\/aktuelles\/%f0%9f%8e%99%ef%b8%8f-aufi-und-owi-wsv-talk-dein-talk-rund-um-den-wsv-patersdorf-1981-e-v-%f0%9f%8e%99%ef%b8%8f-2\/\">&#x1f399;&#xfe0f; Aufi und Owi \u2013 WSV Talk | Dein Talk rund um den WSV Patersdorf 1981 e.V. &#x1f399;&#xfe0f; &#8211; Ulli Stern<\/a><\/p><\/blockquote>\n<p><iframe loading=\"lazy\" class=\"wp-embedded-content\" sandbox=\"allow-scripts\" security=\"restricted\" style=\"position: absolute; visibility: hidden;\" title=\"&#8222;&#x1f399;&#xfe0f; Aufi und Owi \u2013 WSV Talk | Dein Talk rund um den WSV Patersdorf 1981 e.V. &#x1f399;&#xfe0f; &#8211; Ulli Stern&#8220; &#8212; WSV Patersdorf\" src=\"https:\/\/www.wsv-patersdorf.de\/wordpress\/aktuelles\/%f0%9f%8e%99%ef%b8%8f-aufi-und-owi-wsv-talk-dein-talk-rund-um-den-wsv-patersdorf-1981-e-v-%f0%9f%8e%99%ef%b8%8f-2\/embed\/#?secret=6nGRdzWxke#?secret=yFRZ8xw5az\" data-secret=\"yFRZ8xw5az\" width=\"474\" height=\"267\" frameborder=\"0\" marginwidth=\"0\" marginheight=\"0\" scrolling=\"no\"><\/iframe><\/p>\n\n\n<blockquote class=\"wp-embedded-content\" data-secret=\"eCA0dgiCDa\"><p><a href=\"https:\/\/www.wsv-patersdorf.de\/wordpress\/aktuelles\/%f0%9f%8e%99%ef%b8%8f-aufi-und-owi-wsv-talk-dein-talk-rund-um-den-wsv-patersdorf-1981-e-v-%f0%9f%8e%99%ef%b8%8f-caroline-suess\/\">&#x1f399;&#xfe0f; Aufi und Owi \u2013 WSV Talk | Dein Talk rund um den WSV Patersdorf 1981 e.V. &#x1f399;&#xfe0f; &#8211; Caroline S\u00fc\u00df<\/a><\/p><\/blockquote>\n<p><iframe loading=\"lazy\" class=\"wp-embedded-content\" sandbox=\"allow-scripts\" security=\"restricted\" style=\"position: absolute; visibility: hidden;\" title=\"&#8222;&#x1f399;&#xfe0f; Aufi und Owi \u2013 WSV Talk | Dein Talk rund um den WSV Patersdorf 1981 e.V. &#x1f399;&#xfe0f; &#8211; Caroline S\u00fc\u00df&#8220; &#8212; WSV Patersdorf\" src=\"https:\/\/www.wsv-patersdorf.de\/wordpress\/aktuelles\/%f0%9f%8e%99%ef%b8%8f-aufi-und-owi-wsv-talk-dein-talk-rund-um-den-wsv-patersdorf-1981-e-v-%f0%9f%8e%99%ef%b8%8f-caroline-suess\/embed\/#?secret=tiqdbf3KaM#?secret=eCA0dgiCDa\" data-secret=\"eCA0dgiCDa\" width=\"474\" height=\"267\" frameborder=\"0\" marginwidth=\"0\" marginheight=\"0\" scrolling=\"no\"><\/iframe><\/p>\n\n\n<blockquote class=\"wp-embedded-content\" data-secret=\"v1o0xkudKT\"><p><a href=\"https:\/\/www.wsv-patersdorf.de\/wordpress\/aktuelles\/%f0%9f%8e%99%ef%b8%8f-aufi-und-owi-wsv-talk-dein-talk-rund-um-den-wsv-patersdorf-1981-e-v-%f0%9f%8e%99%ef%b8%8f-floppe-baumgartner\/\">&#x1f399;&#xfe0f; Aufi und Owi \u2013 WSV Talk | Dein Talk rund um den WSV Patersdorf 1981 e.V. &#x1f399;&#xfe0f; &#8211; Floppe Baumgartner<\/a><\/p><\/blockquote>\n<p><iframe loading=\"lazy\" class=\"wp-embedded-content\" sandbox=\"allow-scripts\" security=\"restricted\" style=\"position: absolute; visibility: hidden;\" title=\"&#8222;&#x1f399;&#xfe0f; Aufi und Owi \u2013 WSV Talk | Dein Talk rund um den WSV Patersdorf 1981 e.V. &#x1f399;&#xfe0f; &#8211; Floppe Baumgartner&#8220; &#8212; WSV Patersdorf\" src=\"https:\/\/www.wsv-patersdorf.de\/wordpress\/aktuelles\/%f0%9f%8e%99%ef%b8%8f-aufi-und-owi-wsv-talk-dein-talk-rund-um-den-wsv-patersdorf-1981-e-v-%f0%9f%8e%99%ef%b8%8f-floppe-baumgartner\/embed\/#?secret=H9VJr1G3xJ#?secret=v1o0xkudKT\" data-secret=\"v1o0xkudKT\" width=\"474\" height=\"267\" frameborder=\"0\" marginwidth=\"0\" marginheight=\"0\" scrolling=\"no\"><\/iframe><\/p>\n\n\n<blockquote class=\"wp-embedded-content\" data-secret=\"QBeBEcBJ5l\"><p><a href=\"https:\/\/www.wsv-patersdorf.de\/wordpress\/aktuelles\/%f0%9f%8e%99%ef%b8%8f-aufi-und-owi-wsv-talk-dein-talk-rund-um-den-wsv-patersdorf-1981-e-v-%f0%9f%8e%99%ef%b8%8f-hans-hagengruber\/\">&#x1f399;&#xfe0f; Aufi und Owi \u2013 WSV Talk | Dein Talk rund um den WSV Patersdorf 1981 e.V. &#x1f399;&#xfe0f; &#8211; Hans Hagengruber<\/a><\/p><\/blockquote>\n<p><iframe loading=\"lazy\" class=\"wp-embedded-content\" sandbox=\"allow-scripts\" security=\"restricted\" style=\"position: absolute; visibility: hidden;\" title=\"&#8222;&#x1f399;&#xfe0f; Aufi und Owi \u2013 WSV Talk | Dein Talk rund um den WSV Patersdorf 1981 e.V. &#x1f399;&#xfe0f; &#8211; Hans Hagengruber&#8220; &#8212; WSV Patersdorf\" src=\"https:\/\/www.wsv-patersdorf.de\/wordpress\/aktuelles\/%f0%9f%8e%99%ef%b8%8f-aufi-und-owi-wsv-talk-dein-talk-rund-um-den-wsv-patersdorf-1981-e-v-%f0%9f%8e%99%ef%b8%8f-hans-hagengruber\/embed\/#?secret=Fvb8fu6NOM#?secret=QBeBEcBJ5l\" data-secret=\"QBeBEcBJ5l\" width=\"474\" height=\"267\" frameborder=\"0\" marginwidth=\"0\" marginheight=\"0\" scrolling=\"no\"><\/iframe><\/p>\n\n\n<blockquote class=\"wp-embedded-content\" data-secret=\"5IE2CkHWP8\"><p><a href=\"https:\/\/www.wsv-patersdorf.de\/wordpress\/aktuelles\/%f0%9f%8e%99%ef%b8%8f-aufi-und-owi-wsv-talk-dein-talk-rund-um-den-wsv-patersdorf-1981-e-v-%f0%9f%8e%99%ef%b8%8f-leonhard-bayerer\/\">&#x1f399;&#xfe0f; Aufi und Owi \u2013 WSV Talk | Dein Talk rund um den WSV Patersdorf 1981 e.V. &#x1f399;&#xfe0f; &#8211; Leonhard Bayerer<\/a><\/p><\/blockquote>\n<p><iframe loading=\"lazy\" class=\"wp-embedded-content\" sandbox=\"allow-scripts\" security=\"restricted\" style=\"position: absolute; visibility: hidden;\" title=\"&#8222;&#x1f399;&#xfe0f; Aufi und Owi \u2013 WSV Talk | Dein Talk rund um den WSV Patersdorf 1981 e.V. &#x1f399;&#xfe0f; &#8211; Leonhard Bayerer&#8220; &#8212; WSV Patersdorf\" src=\"https:\/\/www.wsv-patersdorf.de\/wordpress\/aktuelles\/%f0%9f%8e%99%ef%b8%8f-aufi-und-owi-wsv-talk-dein-talk-rund-um-den-wsv-patersdorf-1981-e-v-%f0%9f%8e%99%ef%b8%8f-leonhard-bayerer\/embed\/#?secret=A6Y958WPOZ#?secret=5IE2CkHWP8\" data-secret=\"5IE2CkHWP8\" width=\"474\" height=\"267\" frameborder=\"0\" marginwidth=\"0\" marginheight=\"0\" scrolling=\"no\"><\/iframe><\/p>\n\n\n<blockquote class=\"wp-embedded-content\" data-secret=\"QDvZt5CI47\"><p><a href=\"https:\/\/www.wsv-patersdorf.de\/wordpress\/aktuelles\/%f0%9f%8e%99%ef%b8%8f-aufi-und-owi-wsv-talk-dein-talk-rund-um-den-wsv-patersdorf-1981-e-v-%f0%9f%8e%99%ef%b8%8f-guenther-suess\/\">&#x1f399;&#xfe0f; Aufi und Owi \u2013 WSV Talk | Dein Talk rund um den WSV Patersdorf 1981 e.V. &#x1f399;&#xfe0f; &#8211; G\u00fcnther S\u00fc\u00df<\/a><\/p><\/blockquote>\n<p><iframe loading=\"lazy\" class=\"wp-embedded-content\" sandbox=\"allow-scripts\" security=\"restricted\" style=\"position: absolute; visibility: hidden;\" title=\"&#8222;&#x1f399;&#xfe0f; Aufi und Owi \u2013 WSV Talk | Dein Talk rund um den WSV Patersdorf 1981 e.V. &#x1f399;&#xfe0f; &#8211; G\u00fcnther S\u00fc\u00df&#8220; &#8212; WSV Patersdorf\" src=\"https:\/\/www.wsv-patersdorf.de\/wordpress\/aktuelles\/%f0%9f%8e%99%ef%b8%8f-aufi-und-owi-wsv-talk-dein-talk-rund-um-den-wsv-patersdorf-1981-e-v-%f0%9f%8e%99%ef%b8%8f-guenther-suess\/embed\/#?secret=CFASMPxypL#?secret=QDvZt5CI47\" data-secret=\"QDvZt5CI47\" width=\"474\" height=\"267\" frameborder=\"0\" marginwidth=\"0\" marginheight=\"0\" scrolling=\"no\"><\/iframe><\/p>\n\n\n<blockquote class=\"wp-embedded-content\" data-secret=\"ALVrdeUN0a\"><p><a href=\"https:\/\/www.wsv-patersdorf.de\/wordpress\/aktuelles\/%f0%9f%8e%99%ef%b8%8f-aufi-und-owi-wsv-talk-dein-talk-rund-um-den-wsv-patersdorf-1981-e-v-%f0%9f%8e%99%ef%b8%8f-georg-vogl\/\">&#x1f399;&#xfe0f; Aufi und Owi \u2013 WSV Talk | Dein Talk rund um den WSV Patersdorf 1981 e.V. &#x1f399;&#xfe0f; &#8211; Georg Vogl<\/a><\/p><\/blockquote>\n<p><iframe loading=\"lazy\" class=\"wp-embedded-content\" sandbox=\"allow-scripts\" security=\"restricted\" style=\"position: absolute; visibility: hidden;\" title=\"&#8222;&#x1f399;&#xfe0f; Aufi und Owi \u2013 WSV Talk | Dein Talk rund um den WSV Patersdorf 1981 e.V. &#x1f399;&#xfe0f; &#8211; Georg Vogl&#8220; &#8212; WSV Patersdorf\" src=\"https:\/\/www.wsv-patersdorf.de\/wordpress\/aktuelles\/%f0%9f%8e%99%ef%b8%8f-aufi-und-owi-wsv-talk-dein-talk-rund-um-den-wsv-patersdorf-1981-e-v-%f0%9f%8e%99%ef%b8%8f-georg-vogl\/embed\/#?secret=Ku6aDAQflb#?secret=ALVrdeUN0a\" data-secret=\"ALVrdeUN0a\" width=\"474\" height=\"267\" frameborder=\"0\" marginwidth=\"0\" marginheight=\"0\" scrolling=\"no\"><\/iframe><\/p>\n\n\n<blockquote class=\"wp-embedded-content\" data-secret=\"WhklIuSzNa\"><p><a href=\"https:\/\/www.wsv-patersdorf.de\/wordpress\/aktuelles\/%f0%9f%8e%99%ef%b8%8f-aufi-und-owi-wsv-talk-dein-talk-rund-um-den-wsv-patersdorf-1981-e-v-%f0%9f%8e%99%ef%b8%8f-lukas-fischl\/\">&#x1f399;&#xfe0f; Aufi und Owi \u2013 WSV Talk | Dein Talk rund um den WSV Patersdorf 1981 e.V. &#x1f399;&#xfe0f; &#8211; Lukas Fischl<\/a><\/p><\/blockquote>\n<p><iframe loading=\"lazy\" class=\"wp-embedded-content\" sandbox=\"allow-scripts\" security=\"restricted\" style=\"position: absolute; visibility: hidden;\" title=\"&#8222;&#x1f399;&#xfe0f; Aufi und Owi \u2013 WSV Talk | Dein Talk rund um den WSV Patersdorf 1981 e.V. &#x1f399;&#xfe0f; &#8211; Lukas Fischl&#8220; &#8212; WSV Patersdorf\" src=\"https:\/\/www.wsv-patersdorf.de\/wordpress\/aktuelles\/%f0%9f%8e%99%ef%b8%8f-aufi-und-owi-wsv-talk-dein-talk-rund-um-den-wsv-patersdorf-1981-e-v-%f0%9f%8e%99%ef%b8%8f-lukas-fischl\/embed\/#?secret=41Bwa1ZBjZ#?secret=WhklIuSzNa\" data-secret=\"WhklIuSzNa\" width=\"474\" height=\"267\" frameborder=\"0\" marginwidth=\"0\" marginheight=\"0\" scrolling=\"no\"><\/iframe><\/p>\n\n\n<blockquote class=\"wp-embedded-content\" data-secret=\"AB7rLUfRi2\"><p><a href=\"https:\/\/www.wsv-patersdorf.de\/wordpress\/aktuelles\/%f0%9f%8e%99%ef%b8%8f-aufi-und-owi-wsv-talk-dein-talk-rund-um-den-wsv-patersdorf-1981-e-v-%f0%9f%8e%99%ef%b8%8f-katrin-hagengruber\/\">&#x1f399;&#xfe0f; Aufi und Owi \u2013 WSV Talk | Dein Talk rund um den WSV Patersdorf 1981 e.V. &#x1f399;&#xfe0f; &#8211; Katrin Hagengruber<\/a><\/p><\/blockquote>\n<p><iframe loading=\"lazy\" class=\"wp-embedded-content\" sandbox=\"allow-scripts\" security=\"restricted\" style=\"position: absolute; visibility: hidden;\" title=\"&#8222;&#x1f399;&#xfe0f; Aufi und Owi \u2013 WSV Talk | Dein Talk rund um den WSV Patersdorf 1981 e.V. &#x1f399;&#xfe0f; &#8211; Katrin Hagengruber&#8220; &#8212; WSV Patersdorf\" src=\"https:\/\/www.wsv-patersdorf.de\/wordpress\/aktuelles\/%f0%9f%8e%99%ef%b8%8f-aufi-und-owi-wsv-talk-dein-talk-rund-um-den-wsv-patersdorf-1981-e-v-%f0%9f%8e%99%ef%b8%8f-katrin-hagengruber\/embed\/#?secret=WHJopRfOZ3#?secret=AB7rLUfRi2\" data-secret=\"AB7rLUfRi2\" width=\"474\" height=\"267\" frameborder=\"0\" marginwidth=\"0\" marginheight=\"0\" scrolling=\"no\"><\/iframe><\/p>\n\n\n<blockquote class=\"wp-embedded-content\" data-secret=\"qGWUn6GJev\"><p><a href=\"https:\/\/www.wsv-patersdorf.de\/wordpress\/aktuelles\/%f0%9f%8e%99%ef%b8%8f-aufi-und-owi-wsv-talk-dein-talk-rund-um-den-wsv-patersdorf-1981-e-v-%f0%9f%8e%99%ef%b8%8f-jana-klement\/\">&#x1f399;&#xfe0f; Aufi und Owi \u2013 WSV Talk | Dein Talk rund um den WSV Patersdorf 1981 e.V. &#x1f399;&#xfe0f; &#8211; Jana Klement<\/a><\/p><\/blockquote>\n<p><iframe loading=\"lazy\" class=\"wp-embedded-content\" sandbox=\"allow-scripts\" security=\"restricted\" style=\"position: absolute; visibility: hidden;\" title=\"&#8222;&#x1f399;&#xfe0f; Aufi und Owi \u2013 WSV Talk | Dein Talk rund um den WSV Patersdorf 1981 e.V. &#x1f399;&#xfe0f; &#8211; Jana Klement&#8220; &#8212; WSV Patersdorf\" src=\"https:\/\/www.wsv-patersdorf.de\/wordpress\/aktuelles\/%f0%9f%8e%99%ef%b8%8f-aufi-und-owi-wsv-talk-dein-talk-rund-um-den-wsv-patersdorf-1981-e-v-%f0%9f%8e%99%ef%b8%8f-jana-klement\/embed\/#?secret=2BsJjPQ8MA#?secret=qGWUn6GJev\" data-secret=\"qGWUn6GJev\" width=\"474\" height=\"267\" frameborder=\"0\" marginwidth=\"0\" marginheight=\"0\" scrolling=\"no\"><\/iframe><\/p>\n\n\n\n<p><\/p>\n\n\n<blockquote class=\"wp-embedded-content\" data-secret=\"QP76F7ehuO\"><p><a href=\"https:\/\/www.wsv-patersdorf.de\/wordpress\/aktuelles\/%f0%9f%8e%99%ef%b8%8f-aufi-und-owi-wsv-talk-dein-talk-rund-um-den-wsv-patersdorf-1981-e-v-%f0%9f%8e%99%ef%b8%8f-3\/\">&#x1f399;&#xfe0f; Aufi und Owi \u2013 WSV Talk | Dein Talk rund um den WSV Patersdorf 1981 e.V. &#x1f399;&#xfe0f; &#8211; Klaus Hagengruber<\/a><\/p><\/blockquote>\n<p><iframe loading=\"lazy\" class=\"wp-embedded-content\" sandbox=\"allow-scripts\" security=\"restricted\" style=\"position: absolute; visibility: hidden;\" title=\"&#8222;&#x1f399;&#xfe0f; Aufi und Owi \u2013 WSV Talk | Dein Talk rund um den WSV Patersdorf 1981 e.V. &#x1f399;&#xfe0f; &#8211; Klaus Hagengruber&#8220; &#8212; WSV Patersdorf\" src=\"https:\/\/www.wsv-patersdorf.de\/wordpress\/aktuelles\/%f0%9f%8e%99%ef%b8%8f-aufi-und-owi-wsv-talk-dein-talk-rund-um-den-wsv-patersdorf-1981-e-v-%f0%9f%8e%99%ef%b8%8f-3\/embed\/#?secret=iWhIM9d4nH#?secret=QP76F7ehuO\" data-secret=\"QP76F7ehuO\" width=\"474\" height=\"267\" frameborder=\"0\" marginwidth=\"0\" marginheight=\"0\" scrolling=\"no\"><\/iframe><\/p>\n\n\n<blockquote class=\"wp-embedded-content\" data-secret=\"XRz2y4TeVK\"><p><a href=\"https:\/\/www.wsv-patersdorf.de\/wordpress\/aktuelles\/%f0%9f%8e%99%ef%b8%8f-aufi-und-owi-wsv-talk-dein-talk-rund-um-den-wsv-patersdorf-1981-e-v-%f0%9f%8e%99%ef%b8%8f-matthias-fuchs\/\">&#x1f399;&#xfe0f; Aufi und Owi \u2013 WSV Talk | Dein Talk rund um den WSV Patersdorf 1981 e.V. &#x1f399;&#xfe0f; &#8211; Matthias Fuchs<\/a><\/p><\/blockquote>\n<p><iframe loading=\"lazy\" class=\"wp-embedded-content\" sandbox=\"allow-scripts\" security=\"restricted\" style=\"position: absolute; visibility: hidden;\" title=\"&#8222;&#x1f399;&#xfe0f; Aufi und Owi \u2013 WSV Talk | Dein Talk rund um den WSV Patersdorf 1981 e.V. &#x1f399;&#xfe0f; &#8211; Matthias Fuchs&#8220; &#8212; WSV Patersdorf\" src=\"https:\/\/www.wsv-patersdorf.de\/wordpress\/aktuelles\/%f0%9f%8e%99%ef%b8%8f-aufi-und-owi-wsv-talk-dein-talk-rund-um-den-wsv-patersdorf-1981-e-v-%f0%9f%8e%99%ef%b8%8f-matthias-fuchs\/embed\/#?secret=PTJhwIm8VW#?secret=XRz2y4TeVK\" data-secret=\"XRz2y4TeVK\" width=\"474\" height=\"267\" frameborder=\"0\" marginwidth=\"0\" marginheight=\"0\" scrolling=\"no\"><\/iframe><\/p>\n\n\n<blockquote class=\"wp-embedded-content\" data-secret=\"qdDXujcbtu\"><p><a href=\"https:\/\/www.wsv-patersdorf.de\/wordpress\/aktuelles\/%f0%9f%8e%99%ef%b8%8f-aufi-und-owi-wsv-talk-dein-talk-rund-um-den-wsv-patersdorf-1981-e-v-%f0%9f%8e%99%ef%b8%8f-social-media-team\/\">&#x1f399;&#xfe0f; Aufi und Owi \u2013 WSV Talk | Dein Talk rund um den WSV Patersdorf 1981 e.V. &#x1f399;&#xfe0f; &#8211; Social Media Team<\/a><\/p><\/blockquote>\n<p><iframe loading=\"lazy\" class=\"wp-embedded-content\" sandbox=\"allow-scripts\" security=\"restricted\" style=\"position: absolute; visibility: hidden;\" title=\"&#8222;&#x1f399;&#xfe0f; Aufi und Owi \u2013 WSV Talk | Dein Talk rund um den WSV Patersdorf 1981 e.V. &#x1f399;&#xfe0f; &#8211; Social Media Team&#8220; &#8212; WSV Patersdorf\" src=\"https:\/\/www.wsv-patersdorf.de\/wordpress\/aktuelles\/%f0%9f%8e%99%ef%b8%8f-aufi-und-owi-wsv-talk-dein-talk-rund-um-den-wsv-patersdorf-1981-e-v-%f0%9f%8e%99%ef%b8%8f-social-media-team\/embed\/#?secret=cLsDTSGw4P#?secret=qdDXujcbtu\" data-secret=\"qdDXujcbtu\" width=\"474\" height=\"267\" frameborder=\"0\" marginwidth=\"0\" marginheight=\"0\" scrolling=\"no\"><\/iframe><\/p>\n","protected":false},"excerpt":{"rendered":"<p>WSV \u201eAufi &amp; Owi\u201c-Talk \u2013 Mit Herz f\u00fcr den Sport&nbsp;&#x2764;&#xfe0f; Im \u201eWSV Aufi &amp; Owi Talk\u201c dreht sich alles um die Leidenschaft f\u00fcr den Wintersport, die Gemeinschaft und unser ganz pers\u00f6nliches Herzensprojekt \u2013 den WSV Patersdorf 1981 e.V.. Seit \u00fcber vier Jahrzehnten lebt unser Verein vom ehrenamtlichen Engagement, echter Freundschaft und der Liebe zur Bewegung &hellip; <a href=\"https:\/\/www.wsv-patersdorf.de\/wordpress\/podcast-wsv-aufi-owi\/https-www-wsv-patersdorf-de-wordpress-podcast-wsv-aufi-owi\/\" class=\"more-link\"><span class=\"screen-reader-text\">&#8222;Aufi &#038; Owi&#8220; Talk<\/span> weiterlesen <span class=\"meta-nav\">&rarr;<\/span><\/a><\/p>\n","protected":false},"author":17,"featured_media":0,"parent":8423,"menu_order":0,"comment_status":"closed","ping_status":"closed","template":"","meta":{"footnotes":""},"class_list":["post-8431","page","type-page","status-publish","hentry"],"_links":{"self":[{"href":"https:\/\/www.wsv-patersdorf.de\/wordpress\/wp-json\/wp\/v2\/pages\/8431","targetHints":{"allow":["GET"]}}],"collection":[{"href":"https:\/\/www.wsv-patersdorf.de\/wordpress\/wp-json\/wp\/v2\/pages"}],"about":[{"href":"https:\/\/www.wsv-patersdorf.de\/wordpress\/wp-json\/wp\/v2\/types\/page"}],"author":[{"embeddable":true,"href":"https:\/\/www.wsv-patersdorf.de\/wordpress\/wp-json\/wp\/v2\/users\/17"}],"replies":[{"embeddable":true,"href":"https:\/\/www.wsv-patersdorf.de\/wordpress\/wp-json\/wp\/v2\/comments?post=8431"}],"version-history":[{"count":26,"href":"https:\/\/www.wsv-patersdorf.de\/wordpress\/wp-json\/wp\/v2\/pages\/8431\/revisions"}],"predecessor-version":[{"id":8638,"href":"https:\/\/www.wsv-patersdorf.de\/wordpress\/wp-json\/wp\/v2\/pages\/8431\/revisions\/8638"}],"up":[{"embeddable":true,"href":"https:\/\/www.wsv-patersdorf.de\/wordpress\/wp-json\/wp\/v2\/pages\/8423"}],"wp:attachment":[{"href":"https:\/\/www.wsv-patersdorf.de\/wordpress\/wp-json\/wp\/v2\/media?parent=8431"}],"curies":[{"name":"wp","href":"https:\/\/api.w.org\/{rel}","templated":true}]}}