{"id":7806,"date":"2024-01-06T18:43:56","date_gmt":"2024-01-06T17:43:56","guid":{"rendered":"https:\/\/www.wsv-patersdorf.de\/wordpress\/?page_id=7806"},"modified":"2026-03-18T19:04:26","modified_gmt":"2026-03-18T18:04:26","slug":"vereinsstruktur","status":"publish","type":"page","link":"https:\/\/www.wsv-patersdorf.de\/wordpress\/allgemein\/vereinsstruktur\/","title":{"rendered":"Vereinsstruktur"},"content":{"rendered":"\n<p>Auf dieser Seite m\u00f6chten wir euch unsere neue Vorstandschaft vorstellen, und euch \u00fcber die zuk\u00fcnftige Vereinsstruktur informieren. Ihr erhaltet somit einen \u00dcberblick \u00fcber die Verantwortlichkeit in der Vorstandschaft.<\/p>\n\n\n\n<figure class=\"wp-block-image size-large\"><img loading=\"lazy\" decoding=\"async\" width=\"724\" height=\"1024\" src=\"https:\/\/www.wsv-patersdorf.de\/wordpress\/wp-content\/uploads\/2026\/03\/Organigramm25n-1-pdf-724x1024.jpg\" alt=\"\" class=\"wp-image-9005\"\/><\/figure>\n\n\n\n<figure class=\"wp-block-gallery has-nested-images columns-default is-cropped wp-block-gallery-1 is-layout-flex wp-block-gallery-is-layout-flex\"><\/figure>\n","protected":false},"excerpt":{"rendered":"<p>Auf dieser Seite m\u00f6chten wir euch unsere neue Vorstandschaft vorstellen, und euch \u00fcber die zuk\u00fcnftige Vereinsstruktur informieren. Ihr erhaltet somit einen \u00dcberblick \u00fcber die Verantwortlichkeit in der Vorstandschaft.<\/p>\n","protected":false},"author":2,"featured_media":0,"parent":549,"menu_order":0,"comment_status":"closed","ping_status":"closed","template":"","meta":{"footnotes":""},"class_list":["post-7806","page","type-page","status-publish","hentry"],"_links":{"self":[{"href":"https:\/\/www.wsv-patersdorf.de\/wordpress\/wp-json\/wp\/v2\/pages\/7806","targetHints":{"allow":["GET"]}}],"collection":[{"href":"https:\/\/www.wsv-patersdorf.de\/wordpress\/wp-json\/wp\/v2\/pages"}],"about":[{"href":"https:\/\/www.wsv-patersdorf.de\/wordpress\/wp-json\/wp\/v2\/types\/page"}],"author":[{"embeddable":true,"href":"https:\/\/www.wsv-patersdorf.de\/wordpress\/wp-json\/wp\/v2\/users\/2"}],"replies":[{"embeddable":true,"href":"https:\/\/www.wsv-patersdorf.de\/wordpress\/wp-json\/wp\/v2\/comments?post=7806"}],"version-history":[{"count":10,"href":"https:\/\/www.wsv-patersdorf.de\/wordpress\/wp-json\/wp\/v2\/pages\/7806\/revisions"}],"predecessor-version":[{"id":9006,"href":"https:\/\/www.wsv-patersdorf.de\/wordpress\/wp-json\/wp\/v2\/pages\/7806\/revisions\/9006"}],"up":[{"embeddable":true,"href":"https:\/\/www.wsv-patersdorf.de\/wordpress\/wp-json\/wp\/v2\/pages\/549"}],"wp:attachment":[{"href":"https:\/\/www.wsv-patersdorf.de\/wordpress\/wp-json\/wp\/v2\/media?parent=7806"}],"curies":[{"name":"wp","href":"https:\/\/api.w.org\/{rel}","templated":true}]}}