{"id":6343,"date":"2018-11-08T18:42:51","date_gmt":"2018-11-08T17:42:51","guid":{"rendered":"http:\/\/www.wsv-patersdorf.de\/wordpress\/?page_id=6343"},"modified":"2025-10-17T07:26:20","modified_gmt":"2025-10-17T05:26:20","slug":"trainingsfahrten","status":"publish","type":"page","link":"https:\/\/www.wsv-patersdorf.de\/wordpress\/sparte-alpin\/trainingsfahrten\/","title":{"rendered":"Trainingsfahrten"},"content":{"rendered":"<p>Auch in diesem Winter m\u00f6chten wir euch\u00a0wieder 2-3 Trainingsfahrten anbieten. Anmeldungen zu allen Fahrten bei Christian Biermeier<br \/>\nTelefonisch oder per WhatsApp\u00a0 unter <strong>0170 \/ 4369322<br \/>\n<\/strong><\/p>\n<p><strong><span style=\"color: #ff0000;\">Abfahrt bei allen Trainingsfahrten ist beim Feuerwehrhaus in Patersdorf<\/span><\/strong><\/p>\n<blockquote><p><strong><span style=\"color: #ff0000;\">&gt; Personalausweis, \u00a0Gesundheitskarte nicht vergessen&lt;<\/span><\/strong><\/p><\/blockquote>\n<p><strong>Trainingsfahrten 2025\/2026:<\/strong><\/p>\n<p>Flyer Trainingsfahrten als PDF zum Download: <a href=\"https:\/\/www.wsv-patersdorf.de\/wordpress\/wp-content\/uploads\/2025\/10\/Trainingsfahrten-2025_26.pdf\">Trainingsfahrten 2025_26<\/a><\/p>\n\n<table id=\"tablepress-27\" class=\"tablepress tablepress-id-27\">\n<tbody class=\"row-striping row-hover\">\n<tr class=\"row-1\">\n\t<td class=\"column-1\"><strong>13.12.2025<\/strong><\/td><td class=\"column-2\">Tagesfahrt Schlossalmbahn \/ Bad Hofgastein<br \/>\n<strong>Abfahrt: 05:00 Uhr<br \/>\nR\u00fcckfahrt: ca. 18:00 Uhr<br \/>\n<\/td>\n<\/tr>\n<tr class=\"row-2\">\n\t<td class=\"column-1\"><strong>17.01.2026<\/strong><\/td><td class=\"column-2\">Tagesfahrt Saalbach\/Leogang<br \/>\n<strong>Abfahrt: 05:00 Uhr<br \/>\nR\u00fcckfahrt: ca. 18:00 Uhr<\/strong><\/td>\n<\/tr>\n<tr class=\"row-3\">\n\t<td class=\"column-1\"><strong>07.03.2026<\/strong><\/td><td class=\"column-2\">APRES SKI S\u00f6ll am Wilden Kaiser<br \/>\n<strong>Abfahrt: 05:00 Uhr<br \/>\nR\u00fcckkehr: circa 19:00 Uhr <\/strong><\/td>\n<\/tr>\n<\/tbody>\n<\/table>\n<!-- #tablepress-27 from cache -->\n<pre><strong>Wichtiger Hinweis:\n<\/strong>Wir wollen allen Mitgliedern die Chance geben an den Trainingsfahrten teilzunehmen. Darum bitten wir euch die ge\u00e4nderten Anmeldemodalit\u00e4ten zu beachten.\n\nDie Anmeldung zur ersten Trainingsfahrt ist f\u00fcr Mitglieder ab der 1. Wochenversammlung m\u00f6glich, f\u00fcr Nichtmitglieder eine Woche sp\u00e4ter.\nDie Anmeldung f\u00fcr die n\u00e4chste Fahrt ist dann ab der folgenden Wochenversammlung nach der\u00a0 Trainingsfahrt m\u00f6glich, Nichtmitglieder wiederum eine Woche sp\u00e4ter.<\/pre>\n","protected":false},"excerpt":{"rendered":"<p>Auch in diesem Winter m\u00f6chten wir euch\u00a0wieder 2-3 Trainingsfahrten anbieten. Anmeldungen zu allen Fahrten bei Christian Biermeier Telefonisch oder per WhatsApp\u00a0 unter 0170 \/ 4369322 Abfahrt bei allen Trainingsfahrten ist beim Feuerwehrhaus in Patersdorf &gt; Personalausweis, \u00a0Gesundheitskarte nicht vergessen&lt; Trainingsfahrten 2025\/2026: Flyer Trainingsfahrten als PDF zum Download: Trainingsfahrten 2025_26 Wichtiger Hinweis: Wir wollen allen Mitgliedern &hellip; <a href=\"https:\/\/www.wsv-patersdorf.de\/wordpress\/sparte-alpin\/trainingsfahrten\/\" class=\"more-link\"><span class=\"screen-reader-text\">Trainingsfahrten<\/span> weiterlesen <span class=\"meta-nav\">&rarr;<\/span><\/a><\/p>\n","protected":false},"author":2,"featured_media":0,"parent":459,"menu_order":0,"comment_status":"closed","ping_status":"closed","template":"","meta":{"footnotes":""},"class_list":["post-6343","page","type-page","status-publish","hentry"],"_links":{"self":[{"href":"https:\/\/www.wsv-patersdorf.de\/wordpress\/wp-json\/wp\/v2\/pages\/6343","targetHints":{"allow":["GET"]}}],"collection":[{"href":"https:\/\/www.wsv-patersdorf.de\/wordpress\/wp-json\/wp\/v2\/pages"}],"about":[{"href":"https:\/\/www.wsv-patersdorf.de\/wordpress\/wp-json\/wp\/v2\/types\/page"}],"author":[{"embeddable":true,"href":"https:\/\/www.wsv-patersdorf.de\/wordpress\/wp-json\/wp\/v2\/users\/2"}],"replies":[{"embeddable":true,"href":"https:\/\/www.wsv-patersdorf.de\/wordpress\/wp-json\/wp\/v2\/comments?post=6343"}],"version-history":[{"count":19,"href":"https:\/\/www.wsv-patersdorf.de\/wordpress\/wp-json\/wp\/v2\/pages\/6343\/revisions"}],"predecessor-version":[{"id":8571,"href":"https:\/\/www.wsv-patersdorf.de\/wordpress\/wp-json\/wp\/v2\/pages\/6343\/revisions\/8571"}],"up":[{"embeddable":true,"href":"https:\/\/www.wsv-patersdorf.de\/wordpress\/wp-json\/wp\/v2\/pages\/459"}],"wp:attachment":[{"href":"https:\/\/www.wsv-patersdorf.de\/wordpress\/wp-json\/wp\/v2\/media?parent=6343"}],"curies":[{"name":"wp","href":"https:\/\/api.w.org\/{rel}","templated":true}]}}