{"id":549,"date":"2010-10-14T22:35:15","date_gmt":"2010-10-14T20:35:15","guid":{"rendered":"http:\/\/www.wsv-patersdorf.de\/wordpress\/?page_id=549"},"modified":"2024-01-11T15:37:34","modified_gmt":"2024-01-11T14:37:34","slug":"allgemein","status":"publish","type":"page","link":"https:\/\/www.wsv-patersdorf.de\/wordpress\/allgemein\/","title":{"rendered":"Allgemein"},"content":{"rendered":"<dl>\n<dt><strong><span style=\"color: blue;\">Auf unserer Homepage wird ein Service \u00fcber den Verein geboten:<\/span><\/strong><\/dt>\n<\/dl>\n<dl>\n<dd>Veranstaltungen<br \/>\nMitgliedschaft<br \/>\nKontakt<br \/>\nSparten<\/dd>\n<\/dl>\n<p>Wir w\u00fcnschen euch viel Spass beim durchst\u00f6bern unseres Auftritts, f\u00fcr Anregungen und Bemerkungen sind wir immer dankbar!<\/p>\n<h1>Ziel des Vereins laut Satzung<\/h1>\n<p>Der Verein verfolgt ausschlie\u00dflich und unmittelbar gemeinn\u00fctzige Zwecke. Dies sind die Pflege, Erhaltung und F\u00f6rderung des Turn- und Sportwesens, Kr\u00e4ftigung von Geist und K\u00f6rper, Anleitung zur Gesunderhaltenden sportlichen Bet\u00e4tigung als Ausgleich f\u00fcr die Beanspruchung in der Arbeitswelt. Der Verein ist politisch und konfessionell neutral. Es ist selbstlos t\u00e4tig und verfolgt nicht in erster Linie eigenwirtschaftliche Zwecke.<\/p>\n","protected":false},"excerpt":{"rendered":"<p>Auf unserer Homepage wird ein Service \u00fcber den Verein geboten: Veranstaltungen Mitgliedschaft Kontakt Sparten Wir w\u00fcnschen euch viel Spass beim durchst\u00f6bern unseres Auftritts, f\u00fcr Anregungen und Bemerkungen sind wir immer dankbar! Ziel des Vereins laut Satzung Der Verein verfolgt ausschlie\u00dflich und unmittelbar gemeinn\u00fctzige Zwecke. Dies sind die Pflege, Erhaltung und F\u00f6rderung des Turn- und Sportwesens, &hellip; <a href=\"https:\/\/www.wsv-patersdorf.de\/wordpress\/allgemein\/\" class=\"more-link\"><span class=\"screen-reader-text\">Allgemein<\/span> weiterlesen <span class=\"meta-nav\">&rarr;<\/span><\/a><\/p>\n","protected":false},"author":2,"featured_media":0,"parent":0,"menu_order":2,"comment_status":"closed","ping_status":"closed","template":"","meta":{"footnotes":""},"class_list":["post-549","page","type-page","status-publish","hentry"],"_links":{"self":[{"href":"https:\/\/www.wsv-patersdorf.de\/wordpress\/wp-json\/wp\/v2\/pages\/549","targetHints":{"allow":["GET"]}}],"collection":[{"href":"https:\/\/www.wsv-patersdorf.de\/wordpress\/wp-json\/wp\/v2\/pages"}],"about":[{"href":"https:\/\/www.wsv-patersdorf.de\/wordpress\/wp-json\/wp\/v2\/types\/page"}],"author":[{"embeddable":true,"href":"https:\/\/www.wsv-patersdorf.de\/wordpress\/wp-json\/wp\/v2\/users\/2"}],"replies":[{"embeddable":true,"href":"https:\/\/www.wsv-patersdorf.de\/wordpress\/wp-json\/wp\/v2\/comments?post=549"}],"version-history":[{"count":12,"href":"https:\/\/www.wsv-patersdorf.de\/wordpress\/wp-json\/wp\/v2\/pages\/549\/revisions"}],"predecessor-version":[{"id":7470,"href":"https:\/\/www.wsv-patersdorf.de\/wordpress\/wp-json\/wp\/v2\/pages\/549\/revisions\/7470"}],"wp:attachment":[{"href":"https:\/\/www.wsv-patersdorf.de\/wordpress\/wp-json\/wp\/v2\/media?parent=549"}],"curies":[{"name":"wp","href":"https:\/\/api.w.org\/{rel}","templated":true}]}}