{"id":5074,"date":"2016-07-24T20:43:19","date_gmt":"2016-07-24T18:43:19","guid":{"rendered":"http:\/\/www.wsv-patersdorf.de\/wordpress\/?page_id=5074"},"modified":"2025-11-19T18:46:03","modified_gmt":"2025-11-19T17:46:03","slug":"kinderlauftreff","status":"publish","type":"page","link":"https:\/\/www.wsv-patersdorf.de\/wordpress\/sportangebot\/kinderlauftreff\/","title":{"rendered":"Lauftreff"},"content":{"rendered":"\n<p>Der <strong>Lauftreff<\/strong> richtet sich an alle Kinder, die Freude am Laufen haben und sich gerne an der frischen Luft bewegen. Mit einer <strong>geeigneten Ausr\u00fcstung<\/strong> und viel <strong>Spa\u00df an der Bewegung<\/strong> k\u00f6nnen die Kinder spielerisch ihre Ausdauer st\u00e4rken und gemeinsam in der Gruppe aktiv sein und auch gemeinsam oder als Einzell\u00e4ufer an Wettk\u00e4mpfen teilnehmen.<\/p>\n\n\n<div class=\"wp-block-image\">\n<figure class=\"alignleft\"><a href=\"https:\/\/www.wsv-patersdorf.de\/wordpress\/wp-content\/uploads\/2023\/04\/ccf2b573-0206-49d8-9d17-a733c2bfcb63.jpeg\"><img loading=\"lazy\" decoding=\"async\" width=\"1024\" height=\"768\" src=\"https:\/\/www.wsv-patersdorf.de\/wordpress\/wp-content\/uploads\/2023\/04\/ccf2b573-0206-49d8-9d17-a733c2bfcb63-1024x768.jpeg\" alt=\"\" class=\"wp-image-7580\" srcset=\"https:\/\/www.wsv-patersdorf.de\/wordpress\/wp-content\/uploads\/2023\/04\/ccf2b573-0206-49d8-9d17-a733c2bfcb63-1024x768.jpeg 1024w, https:\/\/www.wsv-patersdorf.de\/wordpress\/wp-content\/uploads\/2023\/04\/ccf2b573-0206-49d8-9d17-a733c2bfcb63-300x225.jpeg 300w, https:\/\/www.wsv-patersdorf.de\/wordpress\/wp-content\/uploads\/2023\/04\/ccf2b573-0206-49d8-9d17-a733c2bfcb63-768x576.jpeg 768w, https:\/\/www.wsv-patersdorf.de\/wordpress\/wp-content\/uploads\/2023\/04\/ccf2b573-0206-49d8-9d17-a733c2bfcb63-1536x1152.jpeg 1536w, https:\/\/www.wsv-patersdorf.de\/wordpress\/wp-content\/uploads\/2023\/04\/ccf2b573-0206-49d8-9d17-a733c2bfcb63.jpeg 2000w\" sizes=\"auto, (max-width: 1024px) 100vw, 1024px\" \/><\/a><\/figure>\n<\/div>\n\n\n<div class=\"wp-block-group\"><div class=\"wp-block-group__inner-container is-layout-constrained wp-block-group-is-layout-constrained\">\n<h2 class=\"wp-block-heading\"><br>Landkreis Crosslaufmeisterschaft 2024<\/h2>\n\n\n\n<p><\/p>\n<\/div><\/div>\n\n\n\n<figure class=\"wp-block-gallery has-nested-images columns-default is-cropped wp-block-gallery-1 is-layout-flex wp-block-gallery-is-layout-flex\">\n<figure class=\"wp-block-image size-large\"><img loading=\"lazy\" decoding=\"async\" width=\"1024\" height=\"768\" data-id=\"8659\" src=\"https:\/\/www.wsv-patersdorf.de\/wordpress\/wp-content\/uploads\/2025\/11\/Foto-29.09.24-19-21-42-1024x768.jpg\" alt=\"\" class=\"wp-image-8659\" srcset=\"https:\/\/www.wsv-patersdorf.de\/wordpress\/wp-content\/uploads\/2025\/11\/Foto-29.09.24-19-21-42-1024x768.jpg 1024w, https:\/\/www.wsv-patersdorf.de\/wordpress\/wp-content\/uploads\/2025\/11\/Foto-29.09.24-19-21-42-300x225.jpg 300w, https:\/\/www.wsv-patersdorf.de\/wordpress\/wp-content\/uploads\/2025\/11\/Foto-29.09.24-19-21-42-768x576.jpg 768w, https:\/\/www.wsv-patersdorf.de\/wordpress\/wp-content\/uploads\/2025\/11\/Foto-29.09.24-19-21-42-1536x1152.jpg 1536w, https:\/\/www.wsv-patersdorf.de\/wordpress\/wp-content\/uploads\/2025\/11\/Foto-29.09.24-19-21-42.jpg 1600w\" sizes=\"auto, (max-width: 1024px) 100vw, 1024px\" \/><\/figure>\n\n\n\n<figure class=\"wp-block-image size-large\"><img loading=\"lazy\" decoding=\"async\" width=\"1024\" height=\"768\" data-id=\"8660\" src=\"https:\/\/www.wsv-patersdorf.de\/wordpress\/wp-content\/uploads\/2025\/11\/Foto-29.09.24-19-21-43-1-1024x768.jpg\" alt=\"\" class=\"wp-image-8660\" srcset=\"https:\/\/www.wsv-patersdorf.de\/wordpress\/wp-content\/uploads\/2025\/11\/Foto-29.09.24-19-21-43-1-1024x768.jpg 1024w, https:\/\/www.wsv-patersdorf.de\/wordpress\/wp-content\/uploads\/2025\/11\/Foto-29.09.24-19-21-43-1-300x225.jpg 300w, https:\/\/www.wsv-patersdorf.de\/wordpress\/wp-content\/uploads\/2025\/11\/Foto-29.09.24-19-21-43-1-768x576.jpg 768w, https:\/\/www.wsv-patersdorf.de\/wordpress\/wp-content\/uploads\/2025\/11\/Foto-29.09.24-19-21-43-1-1536x1152.jpg 1536w, https:\/\/www.wsv-patersdorf.de\/wordpress\/wp-content\/uploads\/2025\/11\/Foto-29.09.24-19-21-43-1.jpg 2048w\" sizes=\"auto, (max-width: 1024px) 100vw, 1024px\" \/><\/figure>\n\n\n\n<figure class=\"wp-block-image size-large\"><img loading=\"lazy\" decoding=\"async\" width=\"768\" height=\"1024\" data-id=\"8661\" src=\"https:\/\/www.wsv-patersdorf.de\/wordpress\/wp-content\/uploads\/2025\/11\/Foto-29.09.24-19-21-43-2-768x1024.jpg\" alt=\"\" class=\"wp-image-8661\" srcset=\"https:\/\/www.wsv-patersdorf.de\/wordpress\/wp-content\/uploads\/2025\/11\/Foto-29.09.24-19-21-43-2-768x1024.jpg 768w, https:\/\/www.wsv-patersdorf.de\/wordpress\/wp-content\/uploads\/2025\/11\/Foto-29.09.24-19-21-43-2-225x300.jpg 225w, https:\/\/www.wsv-patersdorf.de\/wordpress\/wp-content\/uploads\/2025\/11\/Foto-29.09.24-19-21-43-2-1152x1536.jpg 1152w, https:\/\/www.wsv-patersdorf.de\/wordpress\/wp-content\/uploads\/2025\/11\/Foto-29.09.24-19-21-43-2.jpg 1536w\" sizes=\"auto, (max-width: 768px) 100vw, 768px\" \/><\/figure>\n\n\n\n<figure class=\"wp-block-image size-large\"><img loading=\"lazy\" decoding=\"async\" width=\"768\" height=\"1024\" data-id=\"8662\" src=\"https:\/\/www.wsv-patersdorf.de\/wordpress\/wp-content\/uploads\/2025\/11\/Foto-29.09.24-19-21-43-768x1024.jpg\" alt=\"\" class=\"wp-image-8662\" srcset=\"https:\/\/www.wsv-patersdorf.de\/wordpress\/wp-content\/uploads\/2025\/11\/Foto-29.09.24-19-21-43-768x1024.jpg 768w, https:\/\/www.wsv-patersdorf.de\/wordpress\/wp-content\/uploads\/2025\/11\/Foto-29.09.24-19-21-43-225x300.jpg 225w, https:\/\/www.wsv-patersdorf.de\/wordpress\/wp-content\/uploads\/2025\/11\/Foto-29.09.24-19-21-43-1152x1536.jpg 1152w, https:\/\/www.wsv-patersdorf.de\/wordpress\/wp-content\/uploads\/2025\/11\/Foto-29.09.24-19-21-43.jpg 1200w\" sizes=\"auto, (max-width: 768px) 100vw, 768px\" \/><\/figure>\n\n\n\n<figure class=\"wp-block-image size-large\"><img loading=\"lazy\" decoding=\"async\" width=\"768\" height=\"1024\" data-id=\"8663\" src=\"https:\/\/www.wsv-patersdorf.de\/wordpress\/wp-content\/uploads\/2025\/11\/Foto-29.09.24-19-21-44-1-768x1024.jpg\" alt=\"\" class=\"wp-image-8663\" srcset=\"https:\/\/www.wsv-patersdorf.de\/wordpress\/wp-content\/uploads\/2025\/11\/Foto-29.09.24-19-21-44-1-768x1024.jpg 768w, https:\/\/www.wsv-patersdorf.de\/wordpress\/wp-content\/uploads\/2025\/11\/Foto-29.09.24-19-21-44-1-225x300.jpg 225w, https:\/\/www.wsv-patersdorf.de\/wordpress\/wp-content\/uploads\/2025\/11\/Foto-29.09.24-19-21-44-1-1152x1536.jpg 1152w, https:\/\/www.wsv-patersdorf.de\/wordpress\/wp-content\/uploads\/2025\/11\/Foto-29.09.24-19-21-44-1.jpg 1200w\" sizes=\"auto, (max-width: 768px) 100vw, 768px\" \/><\/figure>\n\n\n\n<figure class=\"wp-block-image size-large\"><img loading=\"lazy\" decoding=\"async\" width=\"768\" height=\"1024\" data-id=\"8664\" src=\"https:\/\/www.wsv-patersdorf.de\/wordpress\/wp-content\/uploads\/2025\/11\/Foto-29.09.24-19-21-44-768x1024.jpg\" alt=\"\" class=\"wp-image-8664\" srcset=\"https:\/\/www.wsv-patersdorf.de\/wordpress\/wp-content\/uploads\/2025\/11\/Foto-29.09.24-19-21-44-768x1024.jpg 768w, https:\/\/www.wsv-patersdorf.de\/wordpress\/wp-content\/uploads\/2025\/11\/Foto-29.09.24-19-21-44-225x300.jpg 225w, https:\/\/www.wsv-patersdorf.de\/wordpress\/wp-content\/uploads\/2025\/11\/Foto-29.09.24-19-21-44-1152x1536.jpg 1152w, https:\/\/www.wsv-patersdorf.de\/wordpress\/wp-content\/uploads\/2025\/11\/Foto-29.09.24-19-21-44.jpg 1200w\" sizes=\"auto, (max-width: 768px) 100vw, 768px\" \/><\/figure>\n\n\n\n<figure class=\"wp-block-image size-large\"><img loading=\"lazy\" decoding=\"async\" width=\"768\" height=\"1024\" data-id=\"8665\" src=\"https:\/\/www.wsv-patersdorf.de\/wordpress\/wp-content\/uploads\/2025\/11\/Foto-29.09.24-19-21-45-1-768x1024.jpg\" alt=\"\" class=\"wp-image-8665\" srcset=\"https:\/\/www.wsv-patersdorf.de\/wordpress\/wp-content\/uploads\/2025\/11\/Foto-29.09.24-19-21-45-1-768x1024.jpg 768w, https:\/\/www.wsv-patersdorf.de\/wordpress\/wp-content\/uploads\/2025\/11\/Foto-29.09.24-19-21-45-1-225x300.jpg 225w, https:\/\/www.wsv-patersdorf.de\/wordpress\/wp-content\/uploads\/2025\/11\/Foto-29.09.24-19-21-45-1-1152x1536.jpg 1152w, https:\/\/www.wsv-patersdorf.de\/wordpress\/wp-content\/uploads\/2025\/11\/Foto-29.09.24-19-21-45-1.jpg 1200w\" sizes=\"auto, (max-width: 768px) 100vw, 768px\" \/><\/figure>\n\n\n\n<figure class=\"wp-block-image size-large\"><img loading=\"lazy\" decoding=\"async\" width=\"768\" height=\"1024\" data-id=\"8666\" src=\"https:\/\/www.wsv-patersdorf.de\/wordpress\/wp-content\/uploads\/2025\/11\/Foto-29.09.24-19-21-45-768x1024.jpg\" alt=\"\" class=\"wp-image-8666\" srcset=\"https:\/\/www.wsv-patersdorf.de\/wordpress\/wp-content\/uploads\/2025\/11\/Foto-29.09.24-19-21-45-768x1024.jpg 768w, https:\/\/www.wsv-patersdorf.de\/wordpress\/wp-content\/uploads\/2025\/11\/Foto-29.09.24-19-21-45-225x300.jpg 225w, https:\/\/www.wsv-patersdorf.de\/wordpress\/wp-content\/uploads\/2025\/11\/Foto-29.09.24-19-21-45-1152x1536.jpg 1152w, https:\/\/www.wsv-patersdorf.de\/wordpress\/wp-content\/uploads\/2025\/11\/Foto-29.09.24-19-21-45.jpg 1200w\" sizes=\"auto, (max-width: 768px) 100vw, 768px\" \/><\/figure>\n\n\n\n<figure class=\"wp-block-image size-large\"><img loading=\"lazy\" decoding=\"async\" width=\"1024\" height=\"768\" data-id=\"8667\" src=\"https:\/\/www.wsv-patersdorf.de\/wordpress\/wp-content\/uploads\/2025\/11\/Foto-29.09.24-19-21-46-1-1024x768.jpg\" alt=\"\" class=\"wp-image-8667\" srcset=\"https:\/\/www.wsv-patersdorf.de\/wordpress\/wp-content\/uploads\/2025\/11\/Foto-29.09.24-19-21-46-1-1024x768.jpg 1024w, https:\/\/www.wsv-patersdorf.de\/wordpress\/wp-content\/uploads\/2025\/11\/Foto-29.09.24-19-21-46-1-300x225.jpg 300w, https:\/\/www.wsv-patersdorf.de\/wordpress\/wp-content\/uploads\/2025\/11\/Foto-29.09.24-19-21-46-1-768x576.jpg 768w, https:\/\/www.wsv-patersdorf.de\/wordpress\/wp-content\/uploads\/2025\/11\/Foto-29.09.24-19-21-46-1-1536x1152.jpg 1536w, https:\/\/www.wsv-patersdorf.de\/wordpress\/wp-content\/uploads\/2025\/11\/Foto-29.09.24-19-21-46-1.jpg 1600w\" sizes=\"auto, (max-width: 1024px) 100vw, 1024px\" \/><\/figure>\n\n\n\n<figure class=\"wp-block-image size-large\"><img loading=\"lazy\" decoding=\"async\" width=\"768\" height=\"1024\" data-id=\"8668\" src=\"https:\/\/www.wsv-patersdorf.de\/wordpress\/wp-content\/uploads\/2025\/11\/Foto-29.09.24-19-21-46-768x1024.jpg\" alt=\"\" class=\"wp-image-8668\" srcset=\"https:\/\/www.wsv-patersdorf.de\/wordpress\/wp-content\/uploads\/2025\/11\/Foto-29.09.24-19-21-46-768x1024.jpg 768w, https:\/\/www.wsv-patersdorf.de\/wordpress\/wp-content\/uploads\/2025\/11\/Foto-29.09.24-19-21-46-225x300.jpg 225w, https:\/\/www.wsv-patersdorf.de\/wordpress\/wp-content\/uploads\/2025\/11\/Foto-29.09.24-19-21-46-1152x1536.jpg 1152w, https:\/\/www.wsv-patersdorf.de\/wordpress\/wp-content\/uploads\/2025\/11\/Foto-29.09.24-19-21-46.jpg 1200w\" sizes=\"auto, (max-width: 768px) 100vw, 768px\" \/><\/figure>\n\n\n\n<figure class=\"wp-block-image size-large\"><img loading=\"lazy\" decoding=\"async\" width=\"768\" height=\"1024\" data-id=\"8669\" src=\"https:\/\/www.wsv-patersdorf.de\/wordpress\/wp-content\/uploads\/2025\/11\/Foto-29.09.24-19-21-47-1-768x1024.jpg\" alt=\"\" class=\"wp-image-8669\" srcset=\"https:\/\/www.wsv-patersdorf.de\/wordpress\/wp-content\/uploads\/2025\/11\/Foto-29.09.24-19-21-47-1-768x1024.jpg 768w, https:\/\/www.wsv-patersdorf.de\/wordpress\/wp-content\/uploads\/2025\/11\/Foto-29.09.24-19-21-47-1-225x300.jpg 225w, https:\/\/www.wsv-patersdorf.de\/wordpress\/wp-content\/uploads\/2025\/11\/Foto-29.09.24-19-21-47-1-1152x1536.jpg 1152w, https:\/\/www.wsv-patersdorf.de\/wordpress\/wp-content\/uploads\/2025\/11\/Foto-29.09.24-19-21-47-1.jpg 1200w\" sizes=\"auto, (max-width: 768px) 100vw, 768px\" \/><\/figure>\n\n\n\n<figure class=\"wp-block-image size-large\"><img loading=\"lazy\" decoding=\"async\" width=\"768\" height=\"1024\" data-id=\"8670\" src=\"https:\/\/www.wsv-patersdorf.de\/wordpress\/wp-content\/uploads\/2025\/11\/Foto-29.09.24-19-21-47-768x1024.jpg\" alt=\"\" class=\"wp-image-8670\" srcset=\"https:\/\/www.wsv-patersdorf.de\/wordpress\/wp-content\/uploads\/2025\/11\/Foto-29.09.24-19-21-47-768x1024.jpg 768w, https:\/\/www.wsv-patersdorf.de\/wordpress\/wp-content\/uploads\/2025\/11\/Foto-29.09.24-19-21-47-225x300.jpg 225w, https:\/\/www.wsv-patersdorf.de\/wordpress\/wp-content\/uploads\/2025\/11\/Foto-29.09.24-19-21-47-1152x1536.jpg 1152w, https:\/\/www.wsv-patersdorf.de\/wordpress\/wp-content\/uploads\/2025\/11\/Foto-29.09.24-19-21-47.jpg 1200w\" sizes=\"auto, (max-width: 768px) 100vw, 768px\" \/><\/figure>\n\n\n\n<figure class=\"wp-block-image size-large\"><img loading=\"lazy\" decoding=\"async\" width=\"768\" height=\"1024\" data-id=\"8671\" src=\"https:\/\/www.wsv-patersdorf.de\/wordpress\/wp-content\/uploads\/2025\/11\/Foto-29.09.24-19-21-48-768x1024.jpg\" alt=\"\" class=\"wp-image-8671\" srcset=\"https:\/\/www.wsv-patersdorf.de\/wordpress\/wp-content\/uploads\/2025\/11\/Foto-29.09.24-19-21-48-768x1024.jpg 768w, https:\/\/www.wsv-patersdorf.de\/wordpress\/wp-content\/uploads\/2025\/11\/Foto-29.09.24-19-21-48-225x300.jpg 225w, https:\/\/www.wsv-patersdorf.de\/wordpress\/wp-content\/uploads\/2025\/11\/Foto-29.09.24-19-21-48-1152x1536.jpg 1152w, https:\/\/www.wsv-patersdorf.de\/wordpress\/wp-content\/uploads\/2025\/11\/Foto-29.09.24-19-21-48.jpg 1200w\" sizes=\"auto, (max-width: 768px) 100vw, 768px\" \/><\/figure>\n\n\n\n<figure class=\"wp-block-image size-large\"><img loading=\"lazy\" decoding=\"async\" width=\"1024\" height=\"768\" data-id=\"8672\" src=\"https:\/\/www.wsv-patersdorf.de\/wordpress\/wp-content\/uploads\/2025\/11\/Foto-29.09.24-19-24-02-1024x768.jpg\" alt=\"\" class=\"wp-image-8672\" srcset=\"https:\/\/www.wsv-patersdorf.de\/wordpress\/wp-content\/uploads\/2025\/11\/Foto-29.09.24-19-24-02-1024x768.jpg 1024w, https:\/\/www.wsv-patersdorf.de\/wordpress\/wp-content\/uploads\/2025\/11\/Foto-29.09.24-19-24-02-300x225.jpg 300w, https:\/\/www.wsv-patersdorf.de\/wordpress\/wp-content\/uploads\/2025\/11\/Foto-29.09.24-19-24-02-768x576.jpg 768w, https:\/\/www.wsv-patersdorf.de\/wordpress\/wp-content\/uploads\/2025\/11\/Foto-29.09.24-19-24-02-1536x1152.jpg 1536w, https:\/\/www.wsv-patersdorf.de\/wordpress\/wp-content\/uploads\/2025\/11\/Foto-29.09.24-19-24-02.jpg 1600w\" sizes=\"auto, (max-width: 1024px) 100vw, 1024px\" \/><\/figure>\n\n\n\n<figure class=\"wp-block-image size-large\"><img loading=\"lazy\" decoding=\"async\" width=\"768\" height=\"1024\" data-id=\"8673\" src=\"https:\/\/www.wsv-patersdorf.de\/wordpress\/wp-content\/uploads\/2025\/11\/Foto-29.09.24-19-34-59-1-768x1024.jpg\" alt=\"\" class=\"wp-image-8673\" srcset=\"https:\/\/www.wsv-patersdorf.de\/wordpress\/wp-content\/uploads\/2025\/11\/Foto-29.09.24-19-34-59-1-768x1024.jpg 768w, https:\/\/www.wsv-patersdorf.de\/wordpress\/wp-content\/uploads\/2025\/11\/Foto-29.09.24-19-34-59-1-225x300.jpg 225w, https:\/\/www.wsv-patersdorf.de\/wordpress\/wp-content\/uploads\/2025\/11\/Foto-29.09.24-19-34-59-1-1152x1536.jpg 1152w, https:\/\/www.wsv-patersdorf.de\/wordpress\/wp-content\/uploads\/2025\/11\/Foto-29.09.24-19-34-59-1.jpg 1536w\" sizes=\"auto, (max-width: 768px) 100vw, 768px\" \/><\/figure>\n\n\n\n<figure class=\"wp-block-image size-large\"><img loading=\"lazy\" decoding=\"async\" width=\"1024\" height=\"768\" data-id=\"8674\" src=\"https:\/\/www.wsv-patersdorf.de\/wordpress\/wp-content\/uploads\/2025\/11\/Foto-29.09.24-19-34-59-1024x768.jpg\" alt=\"\" class=\"wp-image-8674\" srcset=\"https:\/\/www.wsv-patersdorf.de\/wordpress\/wp-content\/uploads\/2025\/11\/Foto-29.09.24-19-34-59-1024x768.jpg 1024w, https:\/\/www.wsv-patersdorf.de\/wordpress\/wp-content\/uploads\/2025\/11\/Foto-29.09.24-19-34-59-300x225.jpg 300w, https:\/\/www.wsv-patersdorf.de\/wordpress\/wp-content\/uploads\/2025\/11\/Foto-29.09.24-19-34-59-768x576.jpg 768w, https:\/\/www.wsv-patersdorf.de\/wordpress\/wp-content\/uploads\/2025\/11\/Foto-29.09.24-19-34-59-1536x1152.jpg 1536w, https:\/\/www.wsv-patersdorf.de\/wordpress\/wp-content\/uploads\/2025\/11\/Foto-29.09.24-19-34-59.jpg 2048w\" sizes=\"auto, (max-width: 1024px) 100vw, 1024px\" \/><\/figure>\n\n\n\n<figure class=\"wp-block-image size-large\"><img loading=\"lazy\" decoding=\"async\" width=\"1024\" height=\"768\" data-id=\"8675\" src=\"https:\/\/www.wsv-patersdorf.de\/wordpress\/wp-content\/uploads\/2025\/11\/Foto-29.09.24-19-35-00-1024x768.jpg\" alt=\"\" class=\"wp-image-8675\" srcset=\"https:\/\/www.wsv-patersdorf.de\/wordpress\/wp-content\/uploads\/2025\/11\/Foto-29.09.24-19-35-00-1024x768.jpg 1024w, https:\/\/www.wsv-patersdorf.de\/wordpress\/wp-content\/uploads\/2025\/11\/Foto-29.09.24-19-35-00-300x225.jpg 300w, https:\/\/www.wsv-patersdorf.de\/wordpress\/wp-content\/uploads\/2025\/11\/Foto-29.09.24-19-35-00-768x576.jpg 768w, https:\/\/www.wsv-patersdorf.de\/wordpress\/wp-content\/uploads\/2025\/11\/Foto-29.09.24-19-35-00-1536x1152.jpg 1536w, https:\/\/www.wsv-patersdorf.de\/wordpress\/wp-content\/uploads\/2025\/11\/Foto-29.09.24-19-35-00.jpg 2048w\" sizes=\"auto, (max-width: 1024px) 100vw, 1024px\" \/><\/figure>\n<\/figure>\n\n\n\n<p><\/p>\n\n\n\n<h2 class=\"wp-block-heading\">Bilder vom diesj\u00e4hrigen Lauftreff<\/h2>\n\n\n\n<p><\/p>\n\n\n\n<figure class=\"wp-block-gallery has-nested-images columns-default is-cropped wp-block-gallery-2 is-layout-flex wp-block-gallery-is-layout-flex\">\n<figure class=\"wp-block-image size-large\"><img loading=\"lazy\" decoding=\"async\" width=\"1024\" height=\"768\" data-id=\"8649\" src=\"https:\/\/www.wsv-patersdorf.de\/wordpress\/wp-content\/uploads\/2025\/11\/Foto-08.04.24-20-28-24-1024x768.jpg\" alt=\"\" class=\"wp-image-8649\" srcset=\"https:\/\/www.wsv-patersdorf.de\/wordpress\/wp-content\/uploads\/2025\/11\/Foto-08.04.24-20-28-24-1024x768.jpg 1024w, https:\/\/www.wsv-patersdorf.de\/wordpress\/wp-content\/uploads\/2025\/11\/Foto-08.04.24-20-28-24-300x225.jpg 300w, https:\/\/www.wsv-patersdorf.de\/wordpress\/wp-content\/uploads\/2025\/11\/Foto-08.04.24-20-28-24-768x576.jpg 768w, https:\/\/www.wsv-patersdorf.de\/wordpress\/wp-content\/uploads\/2025\/11\/Foto-08.04.24-20-28-24-1536x1152.jpg 1536w, https:\/\/www.wsv-patersdorf.de\/wordpress\/wp-content\/uploads\/2025\/11\/Foto-08.04.24-20-28-24.jpg 2000w\" sizes=\"auto, (max-width: 1024px) 100vw, 1024px\" \/><\/figure>\n<\/figure>\n\n\n\n<figure class=\"wp-block-gallery has-nested-images columns-default is-cropped wp-block-gallery-3 is-layout-flex wp-block-gallery-is-layout-flex\">\n<figure class=\"wp-block-image size-large\"><img loading=\"lazy\" decoding=\"async\" width=\"1024\" height=\"768\" data-id=\"8650\" src=\"https:\/\/www.wsv-patersdorf.de\/wordpress\/wp-content\/uploads\/2025\/11\/Foto-08.04.24-20-33-18-1024x768.jpg\" alt=\"\" class=\"wp-image-8650\" srcset=\"https:\/\/www.wsv-patersdorf.de\/wordpress\/wp-content\/uploads\/2025\/11\/Foto-08.04.24-20-33-18-1024x768.jpg 1024w, https:\/\/www.wsv-patersdorf.de\/wordpress\/wp-content\/uploads\/2025\/11\/Foto-08.04.24-20-33-18-300x225.jpg 300w, https:\/\/www.wsv-patersdorf.de\/wordpress\/wp-content\/uploads\/2025\/11\/Foto-08.04.24-20-33-18-768x576.jpg 768w, https:\/\/www.wsv-patersdorf.de\/wordpress\/wp-content\/uploads\/2025\/11\/Foto-08.04.24-20-33-18-1536x1152.jpg 1536w, https:\/\/www.wsv-patersdorf.de\/wordpress\/wp-content\/uploads\/2025\/11\/Foto-08.04.24-20-33-18.jpg 2000w\" sizes=\"auto, (max-width: 1024px) 100vw, 1024px\" \/><\/figure>\n<\/figure>\n\n\n\n<h2 class=\"wp-block-heading\"><\/h2>\n\n\n\n<p><\/p>\n","protected":false},"excerpt":{"rendered":"<p>Der Lauftreff richtet sich an alle Kinder, die Freude am Laufen haben und sich gerne an der frischen Luft bewegen. Mit einer geeigneten Ausr\u00fcstung und viel Spa\u00df an der Bewegung k\u00f6nnen die Kinder spielerisch ihre Ausdauer st\u00e4rken und gemeinsam in der Gruppe aktiv sein und auch gemeinsam oder als Einzell\u00e4ufer an Wettk\u00e4mpfen teilnehmen. Landkreis Crosslaufmeisterschaft &hellip; <a href=\"https:\/\/www.wsv-patersdorf.de\/wordpress\/sportangebot\/kinderlauftreff\/\" class=\"more-link\"><span class=\"screen-reader-text\">Lauftreff<\/span> weiterlesen <span class=\"meta-nav\">&rarr;<\/span><\/a><\/p>\n","protected":false},"author":2,"featured_media":0,"parent":8686,"menu_order":6,"comment_status":"closed","ping_status":"closed","template":"","meta":{"footnotes":""},"class_list":["post-5074","page","type-page","status-publish","hentry"],"_links":{"self":[{"href":"https:\/\/www.wsv-patersdorf.de\/wordpress\/wp-json\/wp\/v2\/pages\/5074","targetHints":{"allow":["GET"]}}],"collection":[{"href":"https:\/\/www.wsv-patersdorf.de\/wordpress\/wp-json\/wp\/v2\/pages"}],"about":[{"href":"https:\/\/www.wsv-patersdorf.de\/wordpress\/wp-json\/wp\/v2\/types\/page"}],"author":[{"embeddable":true,"href":"https:\/\/www.wsv-patersdorf.de\/wordpress\/wp-json\/wp\/v2\/users\/2"}],"replies":[{"embeddable":true,"href":"https:\/\/www.wsv-patersdorf.de\/wordpress\/wp-json\/wp\/v2\/comments?post=5074"}],"version-history":[{"count":18,"href":"https:\/\/www.wsv-patersdorf.de\/wordpress\/wp-json\/wp\/v2\/pages\/5074\/revisions"}],"predecessor-version":[{"id":8684,"href":"https:\/\/www.wsv-patersdorf.de\/wordpress\/wp-json\/wp\/v2\/pages\/5074\/revisions\/8684"}],"up":[{"embeddable":true,"href":"https:\/\/www.wsv-patersdorf.de\/wordpress\/wp-json\/wp\/v2\/pages\/8686"}],"wp:attachment":[{"href":"https:\/\/www.wsv-patersdorf.de\/wordpress\/wp-json\/wp\/v2\/media?parent=5074"}],"curies":[{"name":"wp","href":"https:\/\/api.w.org\/{rel}","templated":true}]}}