{"id":436,"date":"2010-10-10T17:29:07","date_gmt":"2010-10-10T15:29:07","guid":{"rendered":"http:\/\/www.wsv-patersdorf.de\/wordpress\/?page_id=436"},"modified":"2025-12-01T08:01:00","modified_gmt":"2025-12-01T07:01:00","slug":"impressum","status":"publish","type":"page","link":"https:\/\/www.wsv-patersdorf.de\/wordpress\/impressum\/","title":{"rendered":"Impressum"},"content":{"rendered":"<h5><strong>Impressum<br \/>\n<\/strong><strong><em>Wintersportverein Patersdorf 1981 e.V.<br \/>\n<\/em><\/strong><strong><em>Handling 8<br \/>\n<\/em><\/strong><strong><em>94265 Patersdorf<\/em><\/strong><\/h5>\n<p><strong><br \/>\nVertreten durch:<br \/>\n<\/strong>Vorstandschaft<br \/>\nHandling 8<br \/>\n94265 Patersdorf<\/p>\n<p><strong>Kontakt:<\/strong><br \/>\nE-Mail: vorstand@wsv-patersdorf.de<\/p>\n<p><strong>Verantwortlich f\u00fcr den Inhalt gem\u00e4\u00df \u00a7 55 Abs. 2 RStV:<br \/>\n<\/strong>Johanna Schneider<br \/>\nBerginger Stra\u00dfe 11<br \/>\n94244 Teisnach<br \/>\nE-Mail: johanna.schneider@wsv-patersdorf.de<\/p>\n<p><strong>Registereintrag:<\/strong><br \/>\nEingetragen im Vereinsregister: Amtsgericht Viechtach<br \/>\nRegisternummer:\u00a0 10244<\/p>\n<p><strong>Umsatzsteuer ID:<\/strong><br \/>\n162\/111\/60334<\/p>\n<p><strong>Haftungshinweis:<\/strong><br \/>\nTrotz sorgf\u00e4ltiger inhaltlicher Kontrolle \u00fcbernehmen wir keine Haftung f\u00fcr die Inhalte externer Links. F\u00fcr den Inhalt der verlinkten Seiten sind ausschlie\u00dflich deren Betreiber verantwortlich<\/p>\n","protected":false},"excerpt":{"rendered":"<p>Impressum Wintersportverein Patersdorf 1981 e.V. Handling 8 94265 Patersdorf Vertreten durch: Vorstandschaft Handling 8 94265 Patersdorf Kontakt: E-Mail: vorstand@wsv-patersdorf.de Verantwortlich f\u00fcr den Inhalt gem\u00e4\u00df \u00a7 55 Abs. 2 RStV: Johanna Schneider Berginger Stra\u00dfe 11 94244 Teisnach E-Mail: johanna.schneider@wsv-patersdorf.de Registereintrag: Eingetragen im Vereinsregister: Amtsgericht Viechtach Registernummer:\u00a0 10244 Umsatzsteuer ID: 162\/111\/60334 Haftungshinweis: Trotz sorgf\u00e4ltiger inhaltlicher Kontrolle \u00fcbernehmen &hellip; <a href=\"https:\/\/www.wsv-patersdorf.de\/wordpress\/impressum\/\" class=\"more-link\"><span class=\"screen-reader-text\">Impressum<\/span> weiterlesen <span class=\"meta-nav\">&rarr;<\/span><\/a><\/p>\n","protected":false},"author":2,"featured_media":0,"parent":0,"menu_order":70,"comment_status":"closed","ping_status":"closed","template":"","meta":{"footnotes":""},"class_list":["post-436","page","type-page","status-publish","hentry"],"_links":{"self":[{"href":"https:\/\/www.wsv-patersdorf.de\/wordpress\/wp-json\/wp\/v2\/pages\/436","targetHints":{"allow":["GET"]}}],"collection":[{"href":"https:\/\/www.wsv-patersdorf.de\/wordpress\/wp-json\/wp\/v2\/pages"}],"about":[{"href":"https:\/\/www.wsv-patersdorf.de\/wordpress\/wp-json\/wp\/v2\/types\/page"}],"author":[{"embeddable":true,"href":"https:\/\/www.wsv-patersdorf.de\/wordpress\/wp-json\/wp\/v2\/users\/2"}],"replies":[{"embeddable":true,"href":"https:\/\/www.wsv-patersdorf.de\/wordpress\/wp-json\/wp\/v2\/comments?post=436"}],"version-history":[{"count":18,"href":"https:\/\/www.wsv-patersdorf.de\/wordpress\/wp-json\/wp\/v2\/pages\/436\/revisions"}],"predecessor-version":[{"id":8744,"href":"https:\/\/www.wsv-patersdorf.de\/wordpress\/wp-json\/wp\/v2\/pages\/436\/revisions\/8744"}],"wp:attachment":[{"href":"https:\/\/www.wsv-patersdorf.de\/wordpress\/wp-json\/wp\/v2\/media?parent=436"}],"curies":[{"name":"wp","href":"https:\/\/api.w.org\/{rel}","templated":true}]}}