{"id":3560,"date":"2014-12-11T18:43:57","date_gmt":"2014-12-11T17:43:57","guid":{"rendered":"http:\/\/www.wsv-patersdorf.de\/wordpress\/?page_id=3560"},"modified":"2026-01-29T04:49:45","modified_gmt":"2026-01-29T03:49:45","slug":"skikurse","status":"publish","type":"page","link":"https:\/\/www.wsv-patersdorf.de\/wordpress\/sparte-alpin\/skikurse\/","title":{"rendered":"Skikurse"},"content":{"rendered":"\n<figure class=\"wp-block-image size-large\"><img loading=\"lazy\" decoding=\"async\" width=\"723\" height=\"1024\" src=\"https:\/\/www.wsv-patersdorf.de\/wordpress\/wp-content\/uploads\/2025\/12\/WSV_FlyerKiAnf25-723x1024.jpeg\" alt=\"\" class=\"wp-image-8788\" srcset=\"https:\/\/www.wsv-patersdorf.de\/wordpress\/wp-content\/uploads\/2025\/12\/WSV_FlyerKiAnf25-723x1024.jpeg 723w, https:\/\/www.wsv-patersdorf.de\/wordpress\/wp-content\/uploads\/2025\/12\/WSV_FlyerKiAnf25-212x300.jpeg 212w, https:\/\/www.wsv-patersdorf.de\/wordpress\/wp-content\/uploads\/2025\/12\/WSV_FlyerKiAnf25-768x1088.jpeg 768w, https:\/\/www.wsv-patersdorf.de\/wordpress\/wp-content\/uploads\/2025\/12\/WSV_FlyerKiAnf25-1084x1536.jpeg 1084w, https:\/\/www.wsv-patersdorf.de\/wordpress\/wp-content\/uploads\/2025\/12\/WSV_FlyerKiAnf25.jpeg 1129w\" sizes=\"auto, (max-width: 723px) 100vw, 723px\" \/><\/figure>\n\n\n<p>Folgende Skikurse k\u00f6nnen wir f\u00fcr unsere Vereinsmitglieder anbieten:<\/p>\n<hr \/>\n<h5><b>Zwergerlskikurs:<\/b><\/h5>\n<p>Der <strong>Zwergerlskikurs<\/strong> richtet sich an alle Kinder <strong>ab 4 Jahren<\/strong>, die spielerisch ihre ersten Erfahrungen auf Skiern sammeln m\u00f6chten. Dabei steht die Sicherheit stets an erster Stelle: F\u00fcr alle teilnehmenden Kinder besteht <strong>Helmpflicht<\/strong>. Bitte achtet au\u00dferdem auf eine <strong>gute und wettergerechte Ausr\u00fcstung<\/strong>, damit die Kleinen ihren Skitag komfortabel und unbeschwert genie\u00dfen k\u00f6nnen.<\/p>\n<h5><strong>Fortgeschrittenen Skikurs:<\/strong><\/h5>\n<p>Der <strong>Fortgeschrittenenskikurs<\/strong> richtet sich an Kinder <strong>ab 4 Jahren<\/strong>, die bereits sicher auf ihren Skiern stehen und ihre F\u00e4higkeiten weiter ausbauen m\u00f6chten. F\u00fcr die Teilnahme ist es wichtig, dass die Kinder <strong>selbstst\u00e4ndig den Seil-Lift fahren k\u00f6nnen<\/strong>. Zudem gilt f\u00fcr alle eine <strong>Helmpflicht<\/strong>, um maximale Sicherheit zu gew\u00e4hrleisten. Bitte achtet auch auf eine <strong>gute, passende und wetterfeste Ausr\u00fcstung<\/strong>, damit die Kinder optimal auf den Kurs vorbereitet sind und mit Freude am Unterricht teilnehmen k\u00f6nnen.<\/p>\n<hr \/>\n<h5><strong>Skikurs f\u00fcr &#8222;Wiedereinsteiger&#8220;<\/strong><\/h5>\n<p>Der <strong>dreit\u00e4gige Auffrischungskurs f\u00fcr Erwachsene<\/strong> richtet sich an alle, die bereits Skierfahrung haben, aber nach einer l\u00e4ngeren Pause wieder sicher in den Sport einsteigen m\u00f6chten. Ob, um beim Familienausflug mit den Kindern mithalten zu k\u00f6nnen oder einfach, um wieder mehr Freude und Sicherheit beim Skifahren zu gewinnen \u2013 dieser Kurs bietet den idealen Einstieg f\u00fcr einen gelungenen Neustart auf der Piste.<\/p>\n\n<div class=\"wp-block-image\">\n<figure class=\"aligncenter size-full\"><img loading=\"lazy\" decoding=\"async\" width=\"712\" height=\"385\" src=\"https:\/\/www.wsv-patersdorf.de\/wordpress\/wp-content\/uploads\/2025\/11\/Skikurs.png\" alt=\"\" class=\"wp-image-8712\" srcset=\"https:\/\/www.wsv-patersdorf.de\/wordpress\/wp-content\/uploads\/2025\/11\/Skikurs.png 712w, https:\/\/www.wsv-patersdorf.de\/wordpress\/wp-content\/uploads\/2025\/11\/Skikurs-300x162.png 300w\" sizes=\"auto, (max-width: 712px) 100vw, 712px\" \/><\/figure>\n<\/div>","protected":false},"excerpt":{"rendered":"<p>Folgende Skikurse k\u00f6nnen wir f\u00fcr unsere Vereinsmitglieder anbieten: Zwergerlskikurs: Der Zwergerlskikurs richtet sich an alle Kinder ab 4 Jahren, die spielerisch ihre ersten Erfahrungen auf Skiern sammeln m\u00f6chten. Dabei steht die Sicherheit stets an erster Stelle: F\u00fcr alle teilnehmenden Kinder besteht Helmpflicht. Bitte achtet au\u00dferdem auf eine gute und wettergerechte Ausr\u00fcstung, damit die Kleinen ihren &hellip; <a href=\"https:\/\/www.wsv-patersdorf.de\/wordpress\/sparte-alpin\/skikurse\/\" class=\"more-link\"><span class=\"screen-reader-text\">Skikurse<\/span> weiterlesen <span class=\"meta-nav\">&rarr;<\/span><\/a><\/p>\n","protected":false},"author":16,"featured_media":0,"parent":459,"menu_order":0,"comment_status":"closed","ping_status":"closed","template":"","meta":{"footnotes":""},"class_list":["post-3560","page","type-page","status-publish","hentry"],"_links":{"self":[{"href":"https:\/\/www.wsv-patersdorf.de\/wordpress\/wp-json\/wp\/v2\/pages\/3560","targetHints":{"allow":["GET"]}}],"collection":[{"href":"https:\/\/www.wsv-patersdorf.de\/wordpress\/wp-json\/wp\/v2\/pages"}],"about":[{"href":"https:\/\/www.wsv-patersdorf.de\/wordpress\/wp-json\/wp\/v2\/types\/page"}],"author":[{"embeddable":true,"href":"https:\/\/www.wsv-patersdorf.de\/wordpress\/wp-json\/wp\/v2\/users\/16"}],"replies":[{"embeddable":true,"href":"https:\/\/www.wsv-patersdorf.de\/wordpress\/wp-json\/wp\/v2\/comments?post=3560"}],"version-history":[{"count":44,"href":"https:\/\/www.wsv-patersdorf.de\/wordpress\/wp-json\/wp\/v2\/pages\/3560\/revisions"}],"predecessor-version":[{"id":8903,"href":"https:\/\/www.wsv-patersdorf.de\/wordpress\/wp-json\/wp\/v2\/pages\/3560\/revisions\/8903"}],"up":[{"embeddable":true,"href":"https:\/\/www.wsv-patersdorf.de\/wordpress\/wp-json\/wp\/v2\/pages\/459"}],"wp:attachment":[{"href":"https:\/\/www.wsv-patersdorf.de\/wordpress\/wp-json\/wp\/v2\/media?parent=3560"}],"curies":[{"name":"wp","href":"https:\/\/api.w.org\/{rel}","templated":true}]}}